{"id":12,"date":"2019-12-27T21:35:45","date_gmt":"2019-12-27T20:35:45","guid":{"rendered":"https:\/\/www.didal.com\/web\/?page_id=12"},"modified":"2024-10-12T19:17:40","modified_gmt":"2024-10-12T17:17:40","slug":"diseny-web","status":"publish","type":"page","link":"https:\/\/www.didal.com\/ca\/diseny-web\/","title":{"rendered":"disseny Web"},"content":{"rendered":"\n<p>som especialistes en programaci\u00f3 <a href=\"https:\/\/www.didal.com\/web\/php\/\">PHP<\/a>, cada dia treballem en el disseny i la implementaci\u00f3 de projectes web, si alg\u00fa t&#8217;ha dit que no es pot fer, vol dir que no has parlat amb nosaltres.<\/p>\n\n\n\n<p>la majoria dels nostres projectes utilitzen bases de dades <a href=\"https:\/\/www.didal.com\/web\/php\/\">MySql<\/a>, per\u00f2 en alguns dels nostres projectes, per necessitats del client, hem treballat amb SqlServer i Oracle.<\/p>\n\n\n\n<p>ens encanta treballar amb el detall i la personalitzaci\u00f3, tots els nostres projectes son diferents, perqu\u00e8 tamb\u00e9 ho s\u00f3n els nostres clients.<\/p>\n\n\n\n<p>per millorar la interacci\u00f3 amb l&#8217;usuari, apliquem <a rel=\"noreferrer noopener\" aria-label=\" (se abre en una nueva pesta\u00f1a)\" href=\"https:\/\/developer.mozilla.org\/es\/docs\/Web\/JavaScript\" target=\"_blank\">javascript<\/a> en les parts on el projecte ho requereix.<\/p>\n\n\n\n<h2 class=\"wp-block-heading\">frameworks<\/h2>\n\n\n\n<p><a rel=\"noreferrer noopener\" aria-label=\"boostrap (se abre en una nueva pesta\u00f1a)\" href=\"https:\/\/getbootstrap.com\/\" target=\"_blank\">boostrap<\/a> combinat amb alguns recursos lliures, \u00e9s la \u00fanica base del nostre codi, tenim un desenvolupament propi i el generem de nou per cada un dels nostres projectes.<\/p>\n\n\n\n<p>per necessitats dels nostres clients, tamb\u00e9 hem treballat en projectes amb el seg\u00fcents <a rel=\"noreferrer noopener\" aria-label=\"frameworks (se abre en una nueva pesta\u00f1a)\" href=\"https:\/\/es.wikipedia.org\/wiki\/Framework\" target=\"_blank\">frameworks<\/a>: <a rel=\"noreferrer noopener\" aria-label=\"Zend (se abre en una nueva pesta\u00f1a)\" href=\"https:\/\/www.zend.com\/\" target=\"_blank\">Zend<\/a> |  <a rel=\"noreferrer noopener\" aria-label=\"CakePHP (se abre en una nueva pesta\u00f1a)\" href=\"https:\/\/cakephp.org\/\" target=\"_blank\">CakePHP<\/a> | <a rel=\"noreferrer noopener\" aria-label=\"ASP.NET (se abre en una nueva pesta\u00f1a)\" href=\"https:\/\/dotnet.microsoft.com\/apps\/aspnet\" target=\"_blank\">ASP.NET<\/a> | <a rel=\"noreferrer noopener\" aria-label=\"Bonfire (se abre en una nueva pesta\u00f1a)\" href=\"https:\/\/cibonfire.com\/\" target=\"_blank\">Bonfire<\/a><\/p>\n\n\n\n<h2 class=\"wp-block-heading\">la nostra metodologia de treball<\/h2>\n\n\n\n<div class=\"wp-block-columns is-layout-flex wp-container-core-columns-is-layout-9d6595d7 wp-block-columns-is-layout-flex\">\n<div class=\"wp-block-column is-layout-flow wp-block-column-is-layout-flow\">\n<p class=\"has-normal-font-size\">et volem con\u00e8ixer a tu i la teva empresa, ens prendrem una xocolata amb tu i estudiarem la situaci\u00f3 en la que et trobes.<\/p>\n\n\n\n<p>el nostre equip far\u00e0 un estudi sobre el sector i definirem els eixos d&#8217;actuaci\u00f3.<\/p>\n\n\n\n<p class=\"has-normal-font-size\">et farem una proposta econ\u00f2mica ajustada i amb diferents solucions per a tu.<\/p>\n\n\n\n<p>l&#8217;elecci\u00f3 ha de ser teva, nosaltres t&#8217;acompanyarem en el cam\u00ed.<\/p>\n<\/div>\n\n\n\n<div class=\"wp-block-column is-layout-flow wp-block-column-is-layout-flow\">\n<figure class=\"wp-block-image size-large\"><img data-recalc-dims=\"1\" loading=\"lazy\" decoding=\"async\" width=\"400\" height=\"600\" src=\"https:\/\/i0.wp.com\/www.didal.com\/web\/wp-content\/uploads\/2019\/12\/xocolat-e1577639483763.jpg?resize=400%2C600&#038;ssl=1\" alt=\"dise\u00f1o web con chocolate\" class=\"wp-image-245\" srcset=\"https:\/\/i0.wp.com\/www.didal.com\/web\/wp-content\/uploads\/2019\/12\/xocolat-e1577639483763.jpg?w=400&amp;ssl=1 400w, https:\/\/i0.wp.com\/www.didal.com\/web\/wp-content\/uploads\/2019\/12\/xocolat-e1577639483763.jpg?resize=200%2C300&amp;ssl=1 200w\" sizes=\"auto, (max-width: 400px) 100vw, 400px\" \/><\/figure>\n<\/div>\n<\/div>\n\n\n\n<p>abans de comen\u00e7ar amb el desenvolupament t&#8217;ensenyarem propostes de com quedar\u00e0 el disseny final, ajustat a la vostra imatge i procurant que transmetin els vostres valors.<\/p>\n\n\n\n<p>volem que els nostres treballs requereixin d&#8217;una corba d&#8217;aprenentatge molt baixa, per\u00f2 aix\u00f2 estudiem quins s\u00f3n els vostres fluxos de treball.<\/p>\n\n\n\n<p>durant el projecte farem reunions de seguiment, on t&#8217;ensenyarem com evoluciona i si es necessari t&#8217;oferirem possibilitats de millora.<\/p>\n\n\n\n<p>al finalitzar el projecte farem una sessi\u00f3 de contacte amb la nova eina per a totes les persones implicades.<\/p>\n\n\n\n<h2 class=\"wp-block-heading\">\u00bfvols que treballem en un disseny web junts?<\/h2>\n\n\n\n<div class=\"wpcf7 no-js\" id=\"wpcf7-f210-o1\" lang=\"es-ES\" dir=\"ltr\" data-wpcf7-id=\"210\">\n<div class=\"screen-reader-response\"><p role=\"status\" aria-live=\"polite\" aria-atomic=\"true\"><\/p> <ul><\/ul><\/div>\n<form action=\"\/ca\/wp-json\/wp\/v2\/pages\/12#wpcf7-f210-o1\" method=\"post\" class=\"wpcf7-form init\" aria-label=\"Formulario de contacto\" novalidate=\"novalidate\" data-status=\"init\">\n<fieldset class=\"hidden-fields-container\"><input type=\"hidden\" name=\"_wpcf7\" value=\"210\" \/><input type=\"hidden\" name=\"_wpcf7_version\" value=\"6.1.5\" \/><input type=\"hidden\" name=\"_wpcf7_locale\" value=\"es_ES\" \/><input type=\"hidden\" name=\"_wpcf7_unit_tag\" value=\"wpcf7-f210-o1\" \/><input type=\"hidden\" name=\"_wpcf7_container_post\" value=\"0\" \/><input type=\"hidden\" name=\"_wpcf7_posted_data_hash\" value=\"\" \/><input type=\"hidden\" name=\"lang\" value=\"ca\" \/>\n<\/fieldset>\n<div style=\"width:45%; float:left;\">\n\t<p><label> Amb qui treballarem?<br \/>\n<span class=\"wpcf7-form-control-wrap\" data-name=\"your-name\"><input size=\"40\" maxlength=\"400\" class=\"wpcf7-form-control wpcf7-text wpcf7-validates-as-required\" aria-required=\"true\" aria-invalid=\"false\" value=\"\" type=\"text\" name=\"your-name\" \/><\/span> <\/label>\n\t<\/p>\n\t<p><label> Un correu electr\u00f2nic per comen\u00e7ar<br \/>\n<span class=\"wpcf7-form-control-wrap\" data-name=\"your-email\"><input size=\"40\" maxlength=\"400\" class=\"wpcf7-form-control wpcf7-email wpcf7-validates-as-required wpcf7-text wpcf7-validates-as-email\" aria-required=\"true\" aria-invalid=\"false\" value=\"\" type=\"email\" name=\"your-email\" \/><\/span> <\/label>\n\t<\/p>\n\t<p><label> Qu\u00e8 vols fer?<br \/>\n<span class=\"wpcf7-form-control-wrap\" data-name=\"your-subject\"><input size=\"40\" maxlength=\"400\" class=\"wpcf7-form-control wpcf7-text\" aria-invalid=\"false\" value=\"\" type=\"text\" name=\"your-subject\" \/><\/span> <\/label>\n\t<\/p>\n<\/div>\n<div style=\"width:50%; float:right;\">\n\t<p><label> Ofereix-nos el detall del teu projecte<br \/>\n<span class=\"wpcf7-form-control-wrap\" data-name=\"your-message\"><textarea cols=\"60\" rows=\"3\" maxlength=\"2000\" class=\"wpcf7-form-control wpcf7-textarea\" aria-invalid=\"false\" name=\"your-message\"><\/textarea><\/span> <\/label>\n\t<\/p>\n\t<div>\n\t\t<p>&nbsp;\n\t\t<\/p>\n\t<\/div>\n\t<p><span class=\"wpcf7-form-control-wrap\" data-name=\"acceptance-437\"><span class=\"wpcf7-form-control wpcf7-acceptance\"><span class=\"wpcf7-list-item\"><input type=\"checkbox\" name=\"acceptance-437\" value=\"1\" aria-invalid=\"false\" \/><\/span><\/span><\/span><span style=\"font-size:0.9em;\">He llegit i accepto la <a href=\"https:\/\/www.didal.com\/web\/politica-privacidad\" target=\"new\">Pol\u00edtica de privacitat<\/a><\/span>\n\t<\/p>\n<\/div>\n<div style=\"width:50%; text-align: left;\">\n\t<p><input class=\"wpcf7-form-control wpcf7-submit has-spinner\" type=\"submit\" value=\"Uneix&#039;te\" \/>\n\t<\/p>\n<\/div><p style=\"display: none !important;\" class=\"akismet-fields-container\" data-prefix=\"_wpcf7_ak_\"><label>&#916;<textarea name=\"_wpcf7_ak_hp_textarea\" cols=\"45\" rows=\"8\" maxlength=\"100\"><\/textarea><\/label><input type=\"hidden\" id=\"ak_js_1\" name=\"_wpcf7_ak_js\" value=\"0\"\/><script>document.getElementById( \"ak_js_1\" ).setAttribute( \"value\", ( new Date() ).getTime() );<\/script><\/p><input type='hidden' class='wpcf7-pum' value='{\"closepopup\":false,\"closedelay\":0,\"openpopup\":false,\"openpopup_id\":0}' \/><div class=\"wpcf7-response-output\" aria-hidden=\"true\"><\/div>\n<\/form>\n<\/div>\n\n","protected":false},"excerpt":{"rendered":"<p>som especialistes en programaci\u00f3 PHP, cada dia treballem en el disseny i la implementaci\u00f3 de projectes web, si alg\u00fa t&#8217;ha&#8230;<\/p>\n","protected":false},"author":1,"featured_media":0,"parent":0,"menu_order":0,"comment_status":"closed","ping_status":"closed","template":"template-centered.php","meta":{"_monsterinsights_skip_tracking":false,"_monsterinsights_sitenote_active":false,"_monsterinsights_sitenote_note":"","_monsterinsights_sitenote_category":0,"_links_to":"","_links_to_type":0,"footnotes":""},"class_list":["post-12","page","type-page","status-publish","hentry","post-archive"],"aioseo_notices":[],"jetpack_sharing_enabled":true,"jetpack_likes_enabled":true,"_links":{"self":[{"href":"https:\/\/www.didal.com\/ca\/wp-json\/wp\/v2\/pages\/12","targetHints":{"allow":["GET"]}}],"collection":[{"href":"https:\/\/www.didal.com\/ca\/wp-json\/wp\/v2\/pages"}],"about":[{"href":"https:\/\/www.didal.com\/ca\/wp-json\/wp\/v2\/types\/page"}],"author":[{"embeddable":true,"href":"https:\/\/www.didal.com\/ca\/wp-json\/wp\/v2\/users\/1"}],"replies":[{"embeddable":true,"href":"https:\/\/www.didal.com\/ca\/wp-json\/wp\/v2\/comments?post=12"}],"version-history":[{"count":43,"href":"https:\/\/www.didal.com\/ca\/wp-json\/wp\/v2\/pages\/12\/revisions"}],"predecessor-version":[{"id":8595,"href":"https:\/\/www.didal.com\/ca\/wp-json\/wp\/v2\/pages\/12\/revisions\/8595"}],"wp:attachment":[{"href":"https:\/\/www.didal.com\/ca\/wp-json\/wp\/v2\/media?parent=12"}],"curies":[{"name":"wp","href":"https:\/\/api.w.org\/{rel}","templated":true}]}}