{"id":14,"date":"2019-12-27T21:40:01","date_gmt":"2019-12-27T20:40:01","guid":{"rendered":"https:\/\/www.didal.com\/web\/?page_id=14"},"modified":"2024-10-12T19:19:48","modified_gmt":"2024-10-12T17:19:48","slug":"compromis-social","status":"publish","type":"page","link":"https:\/\/www.didal.com\/ca\/compromis-social\/","title":{"rendered":"comprom\u00eds social"},"content":{"rendered":"\n<div class=\"wp-block-columns is-layout-flex wp-container-core-columns-is-layout-9d6595d7 wp-block-columns-is-layout-flex\">\n<div class=\"wp-block-column is-layout-flow wp-block-column-is-layout-flow\" style=\"flex-basis:66.66%\">\n<figure class=\"wp-block-image size-large\"><img data-recalc-dims=\"1\" loading=\"lazy\" decoding=\"async\" width=\"600\" height=\"906\" src=\"https:\/\/i0.wp.com\/www.didal.com\/web\/wp-content\/uploads\/2019\/12\/compromiso.jpg?resize=600%2C906&#038;ssl=1\" alt=\"compromiso social\" class=\"wp-image-142\" srcset=\"https:\/\/i0.wp.com\/www.didal.com\/web\/wp-content\/uploads\/2019\/12\/compromiso.jpg?w=600&amp;ssl=1 600w, https:\/\/i0.wp.com\/www.didal.com\/web\/wp-content\/uploads\/2019\/12\/compromiso.jpg?resize=199%2C300&amp;ssl=1 199w\" sizes=\"auto, (max-width: 600px) 100vw, 600px\" \/><\/figure>\n<\/div>\n\n\n\n<div class=\"wp-block-column is-layout-flow wp-block-column-is-layout-flow\" style=\"flex-basis:33.33%\">\n<p>en sentim compromesos amb la nostra empremta empresarial, perqu\u00e8 tot el que fem t\u00e9 un impacte, per aquest motiu tenim un comprom\u00eds social s\u00f2lid.<\/p>\n\n\n\n<p>no tots els <a href=\"https:\/\/www.didal.com\/web\/ca\/estudi-solucions-web\">projectes<\/a> son iguals, ens agrada afavorir aquells que busquen un benefici social.<\/p>\n\n\n\n<p>busquem aliats que mantinguin aquest comprom\u00eds.<\/p>\n\n\n\n<p>per aquest motiu, volem mostrar-te les empreses amb les que compartim alguns objectius i col\u00b7laborem dia a dia.<\/p>\n<\/div>\n<\/div>\n\n\n\n<h2 class=\"wp-block-heading\">els nostres prove\u00efdors amb comprom\u00eds social:<\/h2>\n\n\n\n<div class=\"wp-block-columns is-layout-flex wp-container-core-columns-is-layout-9d6595d7 wp-block-columns-is-layout-flex\">\n<div class=\"wp-block-column is-layout-flow wp-block-column-is-layout-flow\" style=\"flex-basis:66.66%\">\n<p class=\"has-background has-small-font-size\" style=\"background-color:#0f888d\">el projecte Xubuntu segueix els principis del desenvolupament de software lliure <a rel=\"noreferrer noopener\" aria-label=\" (se abre en una nueva pesta\u00f1a)\" href=\"http:\/\/www.gnu.org\/home.es.html\" target=\"_blank\"> GNU<\/a>. <\/p>\n\n\n\n<p class=\"has-background has-small-font-size\" style=\"background-color:#0f888d\">elegant, lleuger, configurable i f\u00e0cil de fer servir, est\u00e0 present en tots els nostres servidors.<\/p>\n<\/div>\n\n\n\n<div class=\"wp-block-column is-layout-flow wp-block-column-is-layout-flow\" style=\"flex-basis:33.33%\">\n<h3 class=\"wp-block-heading\">Sistema Operatiu<\/h3>\n\n\n\n<figure class=\"wp-block-image size-large\"><a href=\"https:\/\/xubuntu.org\/\" target=\"_blank\" rel=\"noreferrer noopener\"><img data-recalc-dims=\"1\" loading=\"lazy\" decoding=\"async\" width=\"640\" height=\"348\" src=\"https:\/\/i0.wp.com\/www.didal.com\/web\/wp-content\/uploads\/2019\/12\/xubuntu.jpg?resize=640%2C348&#038;ssl=1\" alt=\"xubuntu\" class=\"wp-image-220\" srcset=\"https:\/\/i0.wp.com\/www.didal.com\/web\/wp-content\/uploads\/2019\/12\/xubuntu.jpg?w=900&amp;ssl=1 900w, https:\/\/i0.wp.com\/www.didal.com\/web\/wp-content\/uploads\/2019\/12\/xubuntu.jpg?resize=300%2C163&amp;ssl=1 300w, https:\/\/i0.wp.com\/www.didal.com\/web\/wp-content\/uploads\/2019\/12\/xubuntu.jpg?resize=768%2C418&amp;ssl=1 768w, https:\/\/i0.wp.com\/www.didal.com\/web\/wp-content\/uploads\/2019\/12\/xubuntu.jpg?resize=640%2C348&amp;ssl=1 640w\" sizes=\"auto, (max-width: 640px) 100vw, 640px\" \/><\/a><\/figure>\n<\/div>\n<\/div>\n\n\n\n<div class=\"wp-block-columns is-layout-flex wp-container-core-columns-is-layout-9d6595d7 wp-block-columns-is-layout-flex\">\n<div class=\"wp-block-column is-layout-flow wp-block-column-is-layout-flow\" style=\"flex-basis:33.33%\">\n<h3 class=\"wp-block-heading\">Gestoria Social <\/h3>\n\n\n\n<figure class=\"wp-block-image size-large\"><a href=\"https:\/\/www.coopdema.cat\/\" target=\"_blank\" rel=\"noreferrer noopener\"><img data-recalc-dims=\"1\" loading=\"lazy\" decoding=\"async\" width=\"640\" height=\"348\" src=\"https:\/\/i0.wp.com\/www.didal.com\/web\/wp-content\/uploads\/2019\/12\/coopdema.jpg?resize=640%2C348&#038;ssl=1\" alt=\"coopdema\" class=\"wp-image-216\" srcset=\"https:\/\/i0.wp.com\/www.didal.com\/web\/wp-content\/uploads\/2019\/12\/coopdema.jpg?w=900&amp;ssl=1 900w, https:\/\/i0.wp.com\/www.didal.com\/web\/wp-content\/uploads\/2019\/12\/coopdema.jpg?resize=300%2C163&amp;ssl=1 300w, https:\/\/i0.wp.com\/www.didal.com\/web\/wp-content\/uploads\/2019\/12\/coopdema.jpg?resize=768%2C418&amp;ssl=1 768w, https:\/\/i0.wp.com\/www.didal.com\/web\/wp-content\/uploads\/2019\/12\/coopdema.jpg?resize=640%2C348&amp;ssl=1 640w\" sizes=\"auto, (max-width: 640px) 100vw, 640px\" \/><\/a><\/figure>\n<\/div>\n\n\n\n<div class=\"wp-block-column is-layout-flow wp-block-column-is-layout-flow\" style=\"flex-basis:66.66%\">\n<p class=\"has-orange-background-color has-background has-small-font-size\">no \u00e9s f\u00e0cil confiar tota la gesti\u00f3 fiscal i laboral a una empresa que no comparteixi algun dels nostres principis.<\/p>\n\n\n\n<p class=\"has-orange-background-color has-background has-small-font-size\">per aix\u00f2 nosaltres confiem en aquesta cooperativa amb anys de solv\u00e8ncia i professionalitat. <\/p>\n<\/div>\n<\/div>\n\n\n\n<div class=\"wp-block-columns is-layout-flex wp-container-core-columns-is-layout-9d6595d7 wp-block-columns-is-layout-flex\">\n<div class=\"wp-block-column is-layout-flow wp-block-column-is-layout-flow\" style=\"flex-basis:66.66%\">\n<p class=\"has-red-background-color has-background has-small-font-size\">la fundaci\u00f3 de <a rel=\"noreferrer noopener\" aria-label=\"software libre (se abre en una nueva pesta\u00f1a)\" href=\"https:\/\/es.wikipedia.org\/wiki\/Software_libre\" target=\"_blank\">software lliure<\/a> m\u00e9s gran del mon, amb un gran nombre de projectes actius.<\/p>\n\n\n\n<p class=\"has-red-background-color has-background has-small-font-size\">utilitzem netbeans i el seu servidor http, el mes utilitzat en el mon.<\/p>\n<\/div>\n\n\n\n<div class=\"wp-block-column is-layout-flow wp-block-column-is-layout-flow\" style=\"flex-basis:33.33%\">\n<h3 class=\"wp-block-heading\">Software<\/h3>\n\n\n\n<figure class=\"wp-block-image size-large\"><a href=\"https:\/\/www.apache.org\/\" target=\"_blank\" rel=\"noreferrer noopener\"><img data-recalc-dims=\"1\" loading=\"lazy\" decoding=\"async\" width=\"640\" height=\"348\" src=\"https:\/\/i0.wp.com\/www.didal.com\/web\/wp-content\/uploads\/2019\/12\/apache.jpg?resize=640%2C348&#038;ssl=1\" alt=\"apache\" class=\"wp-image-215\" srcset=\"https:\/\/i0.wp.com\/www.didal.com\/web\/wp-content\/uploads\/2019\/12\/apache.jpg?w=900&amp;ssl=1 900w, https:\/\/i0.wp.com\/www.didal.com\/web\/wp-content\/uploads\/2019\/12\/apache.jpg?resize=300%2C163&amp;ssl=1 300w, https:\/\/i0.wp.com\/www.didal.com\/web\/wp-content\/uploads\/2019\/12\/apache.jpg?resize=768%2C418&amp;ssl=1 768w, https:\/\/i0.wp.com\/www.didal.com\/web\/wp-content\/uploads\/2019\/12\/apache.jpg?resize=640%2C348&amp;ssl=1 640w\" sizes=\"auto, (max-width: 640px) 100vw, 640px\" \/><\/a><\/figure>\n<\/div>\n<\/div>\n\n\n\n<div class=\"wp-block-columns is-layout-flex wp-container-core-columns-is-layout-9d6595d7 wp-block-columns-is-layout-flex\">\n<div class=\"wp-block-column is-layout-flow wp-block-column-is-layout-flow\" style=\"flex-basis:33.33%\">\n<h3 class=\"wp-block-heading\">Energia Renovable<\/h3>\n\n\n\n<figure class=\"wp-block-image size-large\"><a href=\"https:\/\/www.somenergia.coop\/\" target=\"_blank\" rel=\"noreferrer noopener\"><img data-recalc-dims=\"1\" decoding=\"async\" src=\"https:\/\/i0.wp.com\/www.didal.com\/web\/wp-content\/uploads\/2019\/12\/som_energia.jpg?w=640&#038;ssl=1\" alt=\"som energia\" class=\"wp-image-117\"\/><\/a><\/figure>\n<\/div>\n\n\n\n<div class=\"wp-block-column is-layout-flow wp-block-column-is-layout-flow\" style=\"flex-basis:66.66%\">\n<p class=\"has-background has-small-font-size\" style=\"background-color:#d4e20f\">som un equip t\u00e8cnic i estem tot el dia endollats. <\/p>\n\n\n\n<p class=\"has-background has-small-font-size\" style=\"background-color:#d4e20f\">volem que tota l&#8217;energia que consumim, sigui de producci\u00f3 renovable.<\/p>\n<\/div>\n<\/div>\n\n\n\n<div class=\"wp-block-columns is-layout-flex wp-container-core-columns-is-layout-9d6595d7 wp-block-columns-is-layout-flex\">\n<div class=\"wp-block-column is-layout-flow wp-block-column-is-layout-flow\" style=\"flex-basis:66.66%\">\n<p class=\"has-blue-background-color has-background has-small-font-size\">mozilla es la organitzaci\u00f3 sense \u00e0nim de lucre responsable de Firefox, el navegador alternatiu original.  <\/p>\n\n\n\n<p class=\"has-blue-background-color has-background has-small-font-size\">amb Thunderbird com a gestor de correus electr\u00f2nics, completem un servei inigualable.<\/p>\n<\/div>\n\n\n\n<div class=\"wp-block-column is-layout-flow wp-block-column-is-layout-flow\" style=\"flex-basis:33.33%\">\n<h3 class=\"wp-block-heading\">Software Web<\/h3>\n\n\n\n<figure class=\"wp-block-image size-large\"><a href=\"https:\/\/www.mozilla.org\/es-ES\/\" target=\"_blank\" rel=\"noreferrer noopener\"><img data-recalc-dims=\"1\" loading=\"lazy\" decoding=\"async\" width=\"640\" height=\"348\" src=\"https:\/\/i0.wp.com\/www.didal.com\/web\/wp-content\/uploads\/2019\/12\/mozilla.jpg?resize=640%2C348&#038;ssl=1\" alt=\"mozilla\" class=\"wp-image-217\" srcset=\"https:\/\/i0.wp.com\/www.didal.com\/web\/wp-content\/uploads\/2019\/12\/mozilla.jpg?w=900&amp;ssl=1 900w, https:\/\/i0.wp.com\/www.didal.com\/web\/wp-content\/uploads\/2019\/12\/mozilla.jpg?resize=300%2C163&amp;ssl=1 300w, https:\/\/i0.wp.com\/www.didal.com\/web\/wp-content\/uploads\/2019\/12\/mozilla.jpg?resize=768%2C418&amp;ssl=1 768w, https:\/\/i0.wp.com\/www.didal.com\/web\/wp-content\/uploads\/2019\/12\/mozilla.jpg?resize=640%2C348&amp;ssl=1 640w\" sizes=\"auto, (max-width: 640px) 100vw, 640px\" \/><\/a><\/figure>\n<\/div>\n<\/div>\n\n\n\n<div class=\"wp-block-columns is-layout-flex wp-container-core-columns-is-layout-9d6595d7 wp-block-columns-is-layout-flex\">\n<div class=\"wp-block-column is-layout-flow wp-block-column-is-layout-flow\" style=\"flex-basis:33.33%\">\n<h3 class=\"wp-block-heading\">Banca \u00c8tica<\/h3>\n\n\n\n<figure class=\"wp-block-image size-large\"><a href=\"https:\/\/www.triodos.es\/\" target=\"_blank\" rel=\"noreferrer noopener\"><img data-recalc-dims=\"1\" loading=\"lazy\" decoding=\"async\" width=\"640\" height=\"348\" src=\"https:\/\/i0.wp.com\/www.didal.com\/web\/wp-content\/uploads\/2019\/12\/triodos.jpg?resize=640%2C348&#038;ssl=1\" alt=\"Triodos &#038; Bank\" class=\"wp-image-219\" srcset=\"https:\/\/i0.wp.com\/www.didal.com\/web\/wp-content\/uploads\/2019\/12\/triodos.jpg?w=900&amp;ssl=1 900w, https:\/\/i0.wp.com\/www.didal.com\/web\/wp-content\/uploads\/2019\/12\/triodos.jpg?resize=300%2C163&amp;ssl=1 300w, https:\/\/i0.wp.com\/www.didal.com\/web\/wp-content\/uploads\/2019\/12\/triodos.jpg?resize=768%2C418&amp;ssl=1 768w, https:\/\/i0.wp.com\/www.didal.com\/web\/wp-content\/uploads\/2019\/12\/triodos.jpg?resize=640%2C348&amp;ssl=1 640w\" sizes=\"auto, (max-width: 640px) 100vw, 640px\" \/><\/a><\/figure>\n<\/div>\n\n\n\n<div class=\"wp-block-column is-layout-flow wp-block-column-is-layout-flow\" style=\"flex-basis:66.66%\">\n<p class=\"has-background has-small-font-size\" style=\"background-color:#009a76\">nom\u00e9s treballem amb un banc i exigim que tinguin alguns principis \u00e8tics.<\/p>\n\n\n\n<p class=\"has-background has-small-font-size\" style=\"background-color:#009a76\">esperem que no nom\u00e9s guanyin diners amb nosaltres, sino que facilitin la creaci\u00f3 de projectes que ens siguin comuns. <\/p>\n<\/div>\n<\/div>\n\n\n\n<p>la millora di\u00e0ria de les nostres accions, t\u00e9 una direcci\u00f3 clara, en la recerca de la sostenibilitat, el desenvolupament i el respecte a la diversitat.<\/p>\n\n\n\n<h2 class=\"wp-block-heading\">\u00bfconeixes un projecte amb comprom\u00eds social,  que ens puguem unir?<\/h2>\n\n\n\n<div class=\"wpcf7 no-js\" id=\"wpcf7-f146-o1\" lang=\"es-ES\" dir=\"ltr\" data-wpcf7-id=\"146\">\n<div class=\"screen-reader-response\"><p role=\"status\" aria-live=\"polite\" aria-atomic=\"true\"><\/p> <ul><\/ul><\/div>\n<form action=\"\/ca\/wp-json\/wp\/v2\/pages\/14#wpcf7-f146-o1\" method=\"post\" class=\"wpcf7-form init\" aria-label=\"Formulario de contacto\" novalidate=\"novalidate\" data-status=\"init\">\n<fieldset class=\"hidden-fields-container\"><input type=\"hidden\" name=\"_wpcf7\" value=\"146\" \/><input type=\"hidden\" name=\"_wpcf7_version\" value=\"6.1.5\" \/><input type=\"hidden\" name=\"_wpcf7_locale\" value=\"es_ES\" \/><input type=\"hidden\" name=\"_wpcf7_unit_tag\" value=\"wpcf7-f146-o1\" \/><input type=\"hidden\" name=\"_wpcf7_container_post\" value=\"0\" \/><input type=\"hidden\" name=\"_wpcf7_posted_data_hash\" value=\"\" \/><input type=\"hidden\" name=\"lang\" value=\"ca\" \/>\n<\/fieldset>\n<div style=\"width:45%; float:left;\">\n\t<p><label> A qui representes?<br \/>\n<span class=\"wpcf7-form-control-wrap\" data-name=\"your-name\"><input size=\"40\" maxlength=\"400\" class=\"wpcf7-form-control wpcf7-text wpcf7-validates-as-required\" aria-required=\"true\" aria-invalid=\"false\" value=\"\" type=\"text\" name=\"your-name\" \/><\/span> <\/label>\n\t<\/p>\n\t<p><label> A quin correu electr\u00f2nic contactem?<br \/>\n<span class=\"wpcf7-form-control-wrap\" data-name=\"your-email\"><input size=\"40\" maxlength=\"400\" class=\"wpcf7-form-control wpcf7-email wpcf7-validates-as-required wpcf7-text wpcf7-validates-as-email\" aria-required=\"true\" aria-invalid=\"false\" value=\"\" type=\"email\" name=\"your-email\" \/><\/span> <\/label>\n\t<\/p>\n\t<p><label> Qu\u00e8 ens ofreixes?<br \/>\n<span class=\"wpcf7-form-control-wrap\" data-name=\"your-subject\"><input size=\"40\" maxlength=\"400\" class=\"wpcf7-form-control wpcf7-text\" aria-invalid=\"false\" value=\"\" type=\"text\" name=\"your-subject\" \/><\/span> <\/label>\n\t<\/p>\n<\/div>\n<div style=\"width:50%; float:right;\">\n\t<p><label> Explica el teu projecte.<br \/>\n<span class=\"wpcf7-form-control-wrap\" data-name=\"your-message\"><textarea cols=\"60\" rows=\"3\" maxlength=\"2000\" class=\"wpcf7-form-control wpcf7-textarea\" aria-invalid=\"false\" name=\"your-message\"><\/textarea><\/span> <\/label>\n\t<\/p>\n\t<div>\n\t\t<p>&nbsp;\n\t\t<\/p>\n\t<\/div>\n\t<p><span class=\"wpcf7-form-control-wrap\" data-name=\"acceptance-437\"><span class=\"wpcf7-form-control wpcf7-acceptance\"><span class=\"wpcf7-list-item\"><input type=\"checkbox\" name=\"acceptance-437\" value=\"1\" aria-invalid=\"false\" \/><\/span><\/span><\/span><span style=\"font-size:0.9em;\">He llegit i accepto la <a href=\"https:\/\/www.didal.com\/web\/politica-privacidad\" target=\"new\">Pol\u00edtica de privacitat<\/a><\/span>\n\t<\/p>\n<\/div>\n<div style=\"width:50%; text-align: left;\">\n\t<p><input class=\"wpcf7-form-control wpcf7-submit has-spinner\" type=\"submit\" value=\"Participa\" \/>\n\t<\/p>\n<\/div><p style=\"display: none !important;\" class=\"akismet-fields-container\" data-prefix=\"_wpcf7_ak_\"><label>&#916;<textarea name=\"_wpcf7_ak_hp_textarea\" cols=\"45\" rows=\"8\" maxlength=\"100\"><\/textarea><\/label><input type=\"hidden\" id=\"ak_js_1\" name=\"_wpcf7_ak_js\" value=\"40\"\/><script>document.getElementById( \"ak_js_1\" ).setAttribute( \"value\", ( new Date() ).getTime() );<\/script><\/p><input type='hidden' class='wpcf7-pum' value='{\"closepopup\":false,\"closedelay\":0,\"openpopup\":false,\"openpopup_id\":0}' \/><div class=\"wpcf7-response-output\" aria-hidden=\"true\"><\/div>\n<\/form>\n<\/div>\n\n","protected":false},"excerpt":{"rendered":"<p>en sentim compromesos amb la nostra empremta empresarial, perqu\u00e8 tot el que fem t\u00e9 un impacte, per aquest motiu tenim&#8230;<\/p>\n","protected":false},"author":1,"featured_media":0,"parent":0,"menu_order":0,"comment_status":"closed","ping_status":"closed","template":"template-centered.php","meta":{"_monsterinsights_skip_tracking":false,"_monsterinsights_sitenote_active":false,"_monsterinsights_sitenote_note":"","_monsterinsights_sitenote_category":0,"_links_to":"","_links_to_type":0,"footnotes":""},"class_list":["post-14","page","type-page","status-publish","hentry","post-archive"],"aioseo_notices":[],"jetpack_sharing_enabled":true,"jetpack_likes_enabled":true,"_links":{"self":[{"href":"https:\/\/www.didal.com\/ca\/wp-json\/wp\/v2\/pages\/14","targetHints":{"allow":["GET"]}}],"collection":[{"href":"https:\/\/www.didal.com\/ca\/wp-json\/wp\/v2\/pages"}],"about":[{"href":"https:\/\/www.didal.com\/ca\/wp-json\/wp\/v2\/types\/page"}],"author":[{"embeddable":true,"href":"https:\/\/www.didal.com\/ca\/wp-json\/wp\/v2\/users\/1"}],"replies":[{"embeddable":true,"href":"https:\/\/www.didal.com\/ca\/wp-json\/wp\/v2\/comments?post=14"}],"version-history":[{"count":65,"href":"https:\/\/www.didal.com\/ca\/wp-json\/wp\/v2\/pages\/14\/revisions"}],"predecessor-version":[{"id":8598,"href":"https:\/\/www.didal.com\/ca\/wp-json\/wp\/v2\/pages\/14\/revisions\/8598"}],"wp:attachment":[{"href":"https:\/\/www.didal.com\/ca\/wp-json\/wp\/v2\/media?parent=14"}],"curies":[{"name":"wp","href":"https:\/\/api.w.org\/{rel}","templated":true}]}}