{"id":26,"date":"2019-12-28T09:16:55","date_gmt":"2019-12-28T08:16:55","guid":{"rendered":"https:\/\/www.didal.com\/web\/?page_id=26"},"modified":"2024-10-12T19:22:42","modified_gmt":"2024-10-12T17:22:42","slug":"empecemos","status":"publish","type":"page","link":"https:\/\/www.didal.com\/ca\/","title":{"rendered":"que t&#8217;arrisques a fer amb nosaltres?"},"content":{"rendered":"\n<div class=\"wp-block-columns is-layout-flex wp-container-core-columns-is-layout-9d6595d7 wp-block-columns-is-layout-flex\">\n<div class=\"wp-block-column is-layout-flow wp-block-column-is-layout-flow\"><div class=\"oxi-addons-container   oxi-addons-flipbox-template-style5\">        <div class=\"oxilab-flip-box-wrapper\">\n                                <div class=\"oxilab-flip-box-col-1 oxilab-flip-box-padding-5\"\n                        sa-data-animation=\"\"\n                        sa-data-animation-offset=\"100%\"\r\n                        sa-data-animation-delay=\"0ms\"\r\n                        sa-data-animation-duration=\" 2000ms\"\n                        >\r\n                        <div class=\" oxilab-flip-box-body-5 oxilab-flip-box-body-5-5\">\n                                                        <div class=\"oxilab-flip-box-body-absulote\">\n                                <div class=\"oxilab-flip-box-flip oxilab-flip-box-flip-left-to-right\">\n                                    <div class=\"oxilab-flip-box-style-data easing_easeInOutCirc\">\n                                        <div class=\"oxilab-flip-box-style\">\n                                            <div class=\"oxilab-flip-box-front\">\n                                                <div class=\"oxilab-flip-box-5\">\n                                                    <div class=\"oxilab-flip-box-5-data\">\n\n                                                    <\/div>\n                                                <\/div>\n                                            <\/div>\n                                            <div class=\"oxilab-flip-box-back\">\n                                                <div class=\"oxilab-flip-box-back-5\">\n                                                    <div class=\"oxilab-flip-box-back-5-data\">\n                                                        <div class=\"oxilab-heading\">\n                                                            millorar                                                        <\/div>\n                                                        <div class=\"oxilab-info\">\n                                                            Tens una aplicaci\u00f3 web, per\u00f2 necessites millorar-la. Tens noves necessitats. Vols migrar a les \u00faltimes versions. Vols aprofitar tot el treball que has fet fins al moment.                                                        <\/div>\n                                                                                                                    <a href=\"https:\/\/www.didal.com\/web\/ca\/web-actualitzada-segura\" target=\"\">\n                                                                <span class=\"oxilab-button\">\n                                                                    <span class=\"oxilab-button-data\">\n                                                                        descobreix                                                                    <\/span>\n                                                                <\/span>\n                                                            <\/a>\n                                                                                                                <\/div>\n                                                <\/div>\n                                            <\/div>\n                                        <\/div>\n                                    <\/div>\n                                <\/div>\n                            <\/div>\n                                                    <\/div>\n\n\n                        \n                    <\/div>\n                    \n\n        <\/div>\n        <\/div>\n<\/div>\n\n\n\n<div class=\"wp-block-column is-layout-flow wp-block-column-is-layout-flow\"><div class=\"oxi-addons-container   oxi-addons-flipbox-template-style5\">        <div class=\"oxilab-flip-box-wrapper\">\n                                <div class=\"oxilab-flip-box-col-1 oxilab-flip-box-padding-6\"\n                        sa-data-animation=\"\"\n                        sa-data-animation-offset=\"100%\"\r\n                        sa-data-animation-delay=\"0ms\"\r\n                        sa-data-animation-duration=\" 2000ms\"\n                        >\r\n                        <div class=\" oxilab-flip-box-body-6 oxilab-flip-box-body-6-6\">\n                                                        <div class=\"oxilab-flip-box-body-absulote\">\n                                <div class=\"oxilab-flip-box-flip oxilab-flip-box-flip-left-to-right\">\n                                    <div class=\"oxilab-flip-box-style-data easing_easeInOutCirc\">\n                                        <div class=\"oxilab-flip-box-style\">\n                                            <div class=\"oxilab-flip-box-front\">\n                                                <div class=\"oxilab-flip-box-6\">\n                                                    <div class=\"oxilab-flip-box-6-data\">\n\n                                                    <\/div>\n                                                <\/div>\n                                            <\/div>\n                                            <div class=\"oxilab-flip-box-back\">\n                                                <div class=\"oxilab-flip-box-back-6\">\n                                                    <div class=\"oxilab-flip-box-back-6-data\">\n                                                        <div class=\"oxilab-heading\">\n                                                            somiar                                                        <\/div>\n                                                        <div class=\"oxilab-info\">\n                                                            Tot \u00e9s possible. T&apos;ajudem a trobar les millors solucions. Un projecte a mida per a tu. Ets especial i t&apos;acompanyem a fer el cam\u00ed per arribar all\u00e0 on t&apos;has proposat.                                                        <\/div>\n                                                                                                                    <a href=\"https:\/\/www.didal.com\/web\/ca\/espai-interactiu\/\" target=\"\">\n                                                                <span class=\"oxilab-button\">\n                                                                    <span class=\"oxilab-button-data\">\n                                                                        descobreix                                                                    <\/span>\n                                                                <\/span>\n                                                            <\/a>\n                                                                                                                <\/div>\n                                                <\/div>\n                                            <\/div>\n                                        <\/div>\n                                    <\/div>\n                                <\/div>\n                            <\/div>\n                                                    <\/div>\n\n\n                        \n                    <\/div>\n                    \n\n        <\/div>\n        <\/div>\n<\/div>\n\n\n\n<div class=\"wp-block-column is-layout-flow wp-block-column-is-layout-flow\"><div class=\"oxi-addons-container   oxi-addons-flipbox-template-style5\">        <div class=\"oxilab-flip-box-wrapper\">\n                                <div class=\"oxilab-flip-box-col-1 oxilab-flip-box-padding-7\"\n                        sa-data-animation=\"\"\n                        sa-data-animation-offset=\"100%\"\r\n                        sa-data-animation-delay=\"0ms\"\r\n                        sa-data-animation-duration=\" 2000ms\"\n                        >\r\n                        <div class=\" oxilab-flip-box-body-7 oxilab-flip-box-body-7-7\">\n                                                        <div class=\"oxilab-flip-box-body-absulote\">\n                                <div class=\"oxilab-flip-box-flip oxilab-flip-box-flip-left-to-right\">\n                                    <div class=\"oxilab-flip-box-style-data easing_easeInOutCirc\">\n                                        <div class=\"oxilab-flip-box-style\">\n                                            <div class=\"oxilab-flip-box-front\">\n                                                <div class=\"oxilab-flip-box-7\">\n                                                    <div class=\"oxilab-flip-box-7-data\">\n\n                                                    <\/div>\n                                                <\/div>\n                                            <\/div>\n                                            <div class=\"oxilab-flip-box-back\">\n                                                <div class=\"oxilab-flip-box-back-7\">\n                                                    <div class=\"oxilab-flip-box-back-7-data\">\n                                                        <div class=\"oxilab-heading\">\n                                                            crear                                                        <\/div>\n                                                        <div class=\"oxilab-info\">\n                                                            Un nou projecte. Tens l&apos;oportunitat de fer-ho b\u00e9 desde l&apos;inici. Comencem amb tu nou reptes. Per a que totes les teves necessitats restin cobertes.                                                        <\/div>\n                                                                                                                    <a href=\"https:\/\/www.didal.com\/web\/ca\/crear-pagina-web\" target=\"\">\n                                                                <span class=\"oxilab-button\">\n                                                                    <span class=\"oxilab-button-data\">\n                                                                        descobreix                                                                    <\/span>\n                                                                <\/span>\n                                                            <\/a>\n                                                                                                                <\/div>\n                                                <\/div>\n                                            <\/div>\n                                        <\/div>\n                                    <\/div>\n                                <\/div>\n                            <\/div>\n                                                    <\/div>\n\n\n                        \n                    <\/div>\n                    \n\n        <\/div>\n        <\/div>\n<\/div>\n<\/div>\n\n\n\n<h2 class=\"wp-block-heading has-x-large-font-size\">est\u00e0s a un s\u00f2l pas de la soluci\u00f3<\/h2>\n\n\n<div class=\"wp-block-jetpack-contact-form is-layout-flex wp-container-jetpack-contact-form-is-layout-faa3ad1c wp-block-jetpack-contact-form-is-layout-flex\"><a href=\"https:\/\/www.didal.com\/ca\/\" target=\"_blank\" rel=\"noopener noreferrer\">Envia un formulari.<\/a><\/div>","protected":false},"excerpt":{"rendered":"<p>est\u00e0s a un s\u00f2l pas de la soluci\u00f3<\/p>\n","protected":false},"author":1,"featured_media":0,"parent":0,"menu_order":0,"comment_status":"closed","ping_status":"closed","template":"template-fullwidth.php","meta":{"_monsterinsights_skip_tracking":false,"_monsterinsights_sitenote_active":false,"_monsterinsights_sitenote_note":"","_monsterinsights_sitenote_category":0,"_links_to":"","_links_to_type":0,"footnotes":""},"class_list":["post-26","page","type-page","status-publish","hentry","post-archive"],"aioseo_notices":[],"jetpack_sharing_enabled":true,"jetpack_likes_enabled":true,"_links":{"self":[{"href":"https:\/\/www.didal.com\/ca\/wp-json\/wp\/v2\/pages\/26","targetHints":{"allow":["GET"]}}],"collection":[{"href":"https:\/\/www.didal.com\/ca\/wp-json\/wp\/v2\/pages"}],"about":[{"href":"https:\/\/www.didal.com\/ca\/wp-json\/wp\/v2\/types\/page"}],"author":[{"embeddable":true,"href":"https:\/\/www.didal.com\/ca\/wp-json\/wp\/v2\/users\/1"}],"replies":[{"embeddable":true,"href":"https:\/\/www.didal.com\/ca\/wp-json\/wp\/v2\/comments?post=26"}],"version-history":[{"count":43,"href":"https:\/\/www.didal.com\/ca\/wp-json\/wp\/v2\/pages\/26\/revisions"}],"predecessor-version":[{"id":8601,"href":"https:\/\/www.didal.com\/ca\/wp-json\/wp\/v2\/pages\/26\/revisions\/8601"}],"wp:attachment":[{"href":"https:\/\/www.didal.com\/ca\/wp-json\/wp\/v2\/media?parent=26"}],"curies":[{"name":"wp","href":"https:\/\/api.w.org\/{rel}","templated":true}]}}