{"id":282,"date":"2019-12-29T11:55:29","date_gmt":"2019-12-29T10:55:29","guid":{"rendered":"https:\/\/www.didal.com\/web\/?page_id=282"},"modified":"2024-10-12T19:25:04","modified_gmt":"2024-10-12T17:25:04","slug":"web-actualitzada-segura","status":"publish","type":"page","link":"https:\/\/www.didal.com\/ca\/web-actualitzada-segura\/","title":{"rendered":"millorar"},"content":{"rendered":"\n<div class=\"wp-block-columns is-layout-flex wp-container-core-columns-is-layout-9d6595d7 wp-block-columns-is-layout-flex\">\n<div class=\"wp-block-column is-layout-flow wp-block-column-is-layout-flow\">\n<figure class=\"wp-block-image size-large\"><img data-recalc-dims=\"1\" loading=\"lazy\" decoding=\"async\" width=\"400\" height=\"600\" src=\"https:\/\/i0.wp.com\/www.didal.com\/web\/wp-content\/uploads\/2019\/12\/pincel.jpg?resize=400%2C600&#038;ssl=1\" alt=\"web actualizada segura y restaurada\" class=\"wp-image-287\" srcset=\"https:\/\/i0.wp.com\/www.didal.com\/web\/wp-content\/uploads\/2019\/12\/pincel.jpg?w=400&amp;ssl=1 400w, https:\/\/i0.wp.com\/www.didal.com\/web\/wp-content\/uploads\/2019\/12\/pincel.jpg?resize=200%2C300&amp;ssl=1 200w\" sizes=\"auto, (max-width: 400px) 100vw, 400px\" \/><\/figure>\n<\/div>\n\n\n\n<div class=\"wp-block-column is-layout-flow wp-block-column-is-layout-flow\">\n<p>has de mantenir la teva aplicaci\u00f3 web actualitzada i segura.<\/p>\n\n\n\n<p>especialment per limitar les possibles vulnerabilitats i garantir la integritat de les dades amb les que treballes.<\/p>\n\n\n\n<p>per aquest motiu, hem posat a prova les \u00faltimes versi\u00f3 7 de <a rel=\"noreferrer noopener\" href=\"https:\/\/www.php.net\/\" target=\"_blank\">PHP<\/a> i 8 de <a rel=\"noreferrer noopener\" href=\"https:\/\/www.mysql.com\" target=\"_blank\">Mysql<\/a>,  i els resultats milloren substancialment el rendiment i la seguretat dels entorns web.<\/p>\n\n\n\n<p>tot i aix\u00f2, si la teva aplicaci\u00f3 la van programar fa m\u00e9s de dos anys, probablement requereixi d&#8217;una adaptaci\u00f3.<\/p>\n<\/div>\n<\/div>\n\n\n\n<p>per tot aix\u00f2, comptem amb un <a href=\"https:\/\/www.didal.com\/web\/estudio-soluciones-web\">equip<\/a> de professionals amb molta exp\u00e8riencia.<\/p>\n\n\n\n<p>i per aquest motiu, podem entendre la teva aplicaci\u00f3 i adaptar-la a les noves versions de servidor i navegadors.<\/p>\n\n\n\n<h2 class=\"wp-block-heading\">ho tenim tot preparat per deixar la teva  web actualitzada i segura.<\/h2>\n\n\n<div class=\"wp-block-jetpack-contact-form is-layout-flex wp-container-jetpack-contact-form-is-layout-faa3ad1c wp-block-jetpack-contact-form-is-layout-flex\"><a href=\"https:\/\/www.didal.com\/ca\/web-actualitzada-segura\/\" target=\"_blank\" rel=\"noopener noreferrer\">Envia un formulari.<\/a><\/div>","protected":false},"excerpt":{"rendered":"<p>has de mantenir la teva aplicaci\u00f3 web actualitzada i segura. especialment per limitar les possibles vulnerabilitats i garantir la integritat&#8230;<\/p>\n","protected":false},"author":1,"featured_media":0,"parent":0,"menu_order":0,"comment_status":"closed","ping_status":"closed","template":"","meta":{"_monsterinsights_skip_tracking":false,"_monsterinsights_sitenote_active":false,"_monsterinsights_sitenote_note":"","_monsterinsights_sitenote_category":0,"_links_to":"","_links_to_type":0,"footnotes":""},"class_list":["post-282","page","type-page","status-publish","hentry","post-archive"],"aioseo_notices":[],"jetpack_sharing_enabled":true,"jetpack_likes_enabled":true,"_links":{"self":[{"href":"https:\/\/www.didal.com\/ca\/wp-json\/wp\/v2\/pages\/282","targetHints":{"allow":["GET"]}}],"collection":[{"href":"https:\/\/www.didal.com\/ca\/wp-json\/wp\/v2\/pages"}],"about":[{"href":"https:\/\/www.didal.com\/ca\/wp-json\/wp\/v2\/types\/page"}],"author":[{"embeddable":true,"href":"https:\/\/www.didal.com\/ca\/wp-json\/wp\/v2\/users\/1"}],"replies":[{"embeddable":true,"href":"https:\/\/www.didal.com\/ca\/wp-json\/wp\/v2\/comments?post=282"}],"version-history":[{"count":32,"href":"https:\/\/www.didal.com\/ca\/wp-json\/wp\/v2\/pages\/282\/revisions"}],"predecessor-version":[{"id":8603,"href":"https:\/\/www.didal.com\/ca\/wp-json\/wp\/v2\/pages\/282\/revisions\/8603"}],"wp:attachment":[{"href":"https:\/\/www.didal.com\/ca\/wp-json\/wp\/v2\/media?parent=282"}],"curies":[{"name":"wp","href":"https:\/\/api.w.org\/{rel}","templated":true}]}}