{"id":328,"date":"2019-12-29T21:09:06","date_gmt":"2019-12-29T20:09:06","guid":{"rendered":"https:\/\/www.didal.com\/web\/?page_id=328"},"modified":"2022-07-20T20:44:19","modified_gmt":"2022-07-20T18:44:19","slug":"wordpress","status":"publish","type":"page","link":"https:\/\/www.didal.com\/ca\/wordpress\/","title":{"rendered":"wordpress"},"content":{"rendered":"\n<p>wordpress \u00e9s un software de codi obert, que treballa amb plantilles pre-dissenyades.<\/p>\n\n\n\n<p>de la mateixa manera, permet actualitzar els continguts i les fotografies de forma f\u00e0cil i r\u00e0pida.<\/p>\n\n\n\n<p>\u00e9s una eina, que s&#8217;utilitza en els millors sites del mon i t\u00e9 una extensa comunitat de suport.<\/p>\n\n\n\n<p>tot aix\u00f2 es combina amb un <a href=\"https:\/\/www.didal.com\/web\/ca\/web-actualitzada-segura\/\/\">alt nivell de seguretat<\/a>, amb actualitzacions peri\u00f2diques i la possibilitat d&#8217;activar un servei anti-spam i c\u00f2pies de seguretat.<\/p>\n\n\n<div class=\"wp-block-image\">\n<figure class=\"aligncenter size-large\"><a href=\"https:\/\/es.wordpress.com\" target=\"_blank\" rel=\"noreferrer noopener\"><img data-recalc-dims=\"1\" loading=\"lazy\" decoding=\"async\" width=\"300\" height=\"68\" src=\"https:\/\/i0.wp.com\/www.didal.com\/web\/wp-content\/uploads\/2019\/12\/logo_wordpress.png?resize=300%2C68&#038;ssl=1\" alt=\"wordpress\" class=\"wp-image-197\"\/><\/a><\/figure>\n<\/div>\n\n\n<p>en el nostres projectes WordPress personalitzem la interf\u00edcie auto-editable, adaptant-la a la imatge corporativa de la teva empresa.<\/p>\n\n\n\n<p>per aconseguir-ho, retoquem les imatges, que ens has fet arribar, en un format adequat al lloc de la p\u00e0gina on s&#8217;han de posar.<\/p>\n\n\n\n<p>i seguidament els donem un format que permeti un edici\u00f3 f\u00e0cil (documents vectorials o bitmap amb bona resoluci\u00f3).<\/p>\n","protected":false},"excerpt":{"rendered":"<p>wordpress \u00e9s un software de codi obert, que treballa amb plantilles pre-dissenyades. de la mateixa manera, permet actualitzar els continguts&#8230;<\/p>\n","protected":false},"author":1,"featured_media":0,"parent":0,"menu_order":0,"comment_status":"closed","ping_status":"closed","template":"","meta":{"_monsterinsights_skip_tracking":false,"_monsterinsights_sitenote_active":false,"_monsterinsights_sitenote_note":"","_monsterinsights_sitenote_category":0,"_links_to":"","_links_to_type":0,"footnotes":""},"class_list":["post-328","page","type-page","status-publish","hentry","post-archive"],"aioseo_notices":[],"jetpack_sharing_enabled":true,"jetpack_likes_enabled":true,"_links":{"self":[{"href":"https:\/\/www.didal.com\/ca\/wp-json\/wp\/v2\/pages\/328","targetHints":{"allow":["GET"]}}],"collection":[{"href":"https:\/\/www.didal.com\/ca\/wp-json\/wp\/v2\/pages"}],"about":[{"href":"https:\/\/www.didal.com\/ca\/wp-json\/wp\/v2\/types\/page"}],"author":[{"embeddable":true,"href":"https:\/\/www.didal.com\/ca\/wp-json\/wp\/v2\/users\/1"}],"replies":[{"embeddable":true,"href":"https:\/\/www.didal.com\/ca\/wp-json\/wp\/v2\/comments?post=328"}],"version-history":[{"count":6,"href":"https:\/\/www.didal.com\/ca\/wp-json\/wp\/v2\/pages\/328\/revisions"}],"predecessor-version":[{"id":793,"href":"https:\/\/www.didal.com\/ca\/wp-json\/wp\/v2\/pages\/328\/revisions\/793"}],"wp:attachment":[{"href":"https:\/\/www.didal.com\/ca\/wp-json\/wp\/v2\/media?parent=328"}],"curies":[{"name":"wp","href":"https:\/\/api.w.org\/{rel}","templated":true}]}}