{"id":330,"date":"2019-12-29T21:18:37","date_gmt":"2019-12-29T20:18:37","guid":{"rendered":"https:\/\/www.didal.com\/web\/?page_id=330"},"modified":"2022-07-20T20:44:01","modified_gmt":"2022-07-20T18:44:01","slug":"prestashop","status":"publish","type":"page","link":"https:\/\/www.didal.com\/ca\/prestashop\/","title":{"rendered":"prestashop"},"content":{"rendered":"\n<p>si quieres tener una tienda online y no puedes permitir-te un <a href=\"https:\/\/www.didal.com\/web\/diseno-web\/\">desarrollo<\/a> a medida, prestashop es el gestor de <a rel=\"noreferrer noopener\" aria-label=\"contenidos libre (se abre en una nueva pesta\u00f1a)\" href=\"https:\/\/es.wikipedia.org\/wiki\/Software_libre\" target=\"_blank\">contenidos libre<\/a> y de c\u00f3digo abierto con el que podemos conseguir resultados altamente personalizables.<\/p>\n\n\n\n<p>no requiere un nivel alto de recursos de servdior respecto a otras herramientas similares.<\/p>\n\n\n<div class=\"wp-block-image\">\n<figure class=\"aligncenter size-large\"><a href=\"https:\/\/www.prestashop.com\" target=\"_blank\" rel=\"noreferrer noopener\"><img data-recalc-dims=\"1\" loading=\"lazy\" decoding=\"async\" width=\"300\" height=\"49\" src=\"https:\/\/i0.wp.com\/www.didal.com\/web\/wp-content\/uploads\/2019\/12\/logo_prestashop.png?resize=300%2C49&#038;ssl=1\" alt=\"prestashop\" class=\"wp-image-198\"\/><\/a><\/figure>\n<\/div>\n\n\n<p>podr\u00e1s configura tu tienda en varios idiomas y monedas de una forma sencilla.<\/p>\n\n\n\n<p>podr\u00e1s crear contenido y compartirlo en las redes sociales y en tu blog para aumentar el tr\u00e1fico de tu tienda.<\/p>\n\n\n\n<p>prestaShop entiende la importancia del posicionamiento org\u00e1nico y te  permite cambiar f\u00e1cilmente t\u00edtulos, URLs y otros atributos que influyen  en el posicionamiento web. <\/p>\n\n\n\n<p>el software hace uso extensivo de <a href=\"https:\/\/es.wikipedia.org\/wiki\/AJAX\">AJAX<\/a>  en el panel de administraci\u00f3n.<\/p>\n\n\n\n<p>contiene multitud de bloques de m\u00f3dulos que pueden ser f\u00e1cilmente a\u00f1adidos a la tienda con el fin proporcionar  funcionalidad adicional.<\/p>\n\n\n\n<p>con una comunidad de m\u00e1s de 1.000.000 de usuarios activos y m\u00e1s de 1.000 desarrolladores, prestashop se situa como una de las herramientas de comercio en linea m\u00e1s solidas del mundo.<\/p>\n","protected":false},"excerpt":{"rendered":"<p>si quieres tener una tienda online y no puedes permitir-te un desarrollo a medida, prestashop es el gestor de contenidos&#8230;<\/p>\n","protected":false},"author":1,"featured_media":0,"parent":0,"menu_order":0,"comment_status":"closed","ping_status":"closed","template":"","meta":{"_monsterinsights_skip_tracking":false,"_monsterinsights_sitenote_active":false,"_monsterinsights_sitenote_note":"","_monsterinsights_sitenote_category":0,"_links_to":"","_links_to_type":0,"footnotes":""},"class_list":["post-330","page","type-page","status-publish","hentry","post-archive"],"aioseo_notices":[],"jetpack_sharing_enabled":true,"jetpack_likes_enabled":true,"_links":{"self":[{"href":"https:\/\/www.didal.com\/ca\/wp-json\/wp\/v2\/pages\/330","targetHints":{"allow":["GET"]}}],"collection":[{"href":"https:\/\/www.didal.com\/ca\/wp-json\/wp\/v2\/pages"}],"about":[{"href":"https:\/\/www.didal.com\/ca\/wp-json\/wp\/v2\/types\/page"}],"author":[{"embeddable":true,"href":"https:\/\/www.didal.com\/ca\/wp-json\/wp\/v2\/users\/1"}],"replies":[{"embeddable":true,"href":"https:\/\/www.didal.com\/ca\/wp-json\/wp\/v2\/comments?post=330"}],"version-history":[{"count":7,"href":"https:\/\/www.didal.com\/ca\/wp-json\/wp\/v2\/pages\/330\/revisions"}],"predecessor-version":[{"id":792,"href":"https:\/\/www.didal.com\/ca\/wp-json\/wp\/v2\/pages\/330\/revisions\/792"}],"wp:attachment":[{"href":"https:\/\/www.didal.com\/ca\/wp-json\/wp\/v2\/media?parent=330"}],"curies":[{"name":"wp","href":"https:\/\/api.w.org\/{rel}","templated":true}]}}