{"id":338,"date":"2019-12-29T22:19:32","date_gmt":"2019-12-29T21:19:32","guid":{"rendered":"https:\/\/www.didal.com\/web\/?page_id=338"},"modified":"2022-07-20T20:38:52","modified_gmt":"2022-07-20T18:38:52","slug":"hosting","status":"publish","type":"page","link":"https:\/\/www.didal.com\/ca\/hosting\/","title":{"rendered":"hostalatge"},"content":{"rendered":"\n<p>per disposar d&#8217;un hostalatge, primer necessitem un nom de domini, que \u00e9s l&#8217;adre\u00e7a que s&#8217;escriu a la barra d&#8217;adreces del navegador per accedir a un <a href=\"https:\/\/www.didal.com\/web\/ca\/diseny-web\/\">lloc web<\/a> espec\u00edfic.<\/p>\n\n\n\n<p>l&#8217;elecci\u00f3 d&#8217;un <a rel=\"noreferrer noopener\" aria-label=\"dominio (se abre en una nueva pesta\u00f1a)\" href=\"https:\/\/es.wikipedia.org\/wiki\/Dominio_de_Internet\" target=\"_blank\">domini<\/a> \u00e9s una decisi\u00f3 estrat\u00e8gica i pot ser una de les mes importants i que m\u00e9s perduren en el temps, deixa&#8217;ns que t&#8217;acompanyem en la seva resoluci\u00f3.<\/p>\n\n\n\n<p>si fas la p\u00e0gina web amb nosaltres, per nom\u00e9s 10\u20ac + iva a l&#8217;any tindr\u00e0s a la teva disposici\u00f3 les extensions m\u00e9s comuns: .com .org .net i per 25\u20ac + iva al any les de tipus: .es .cat , per\u00f2 tamb\u00e9 posem a la teva disposici\u00f3 m\u00e9s de 1.000 extensions mes, de domini (<a rel=\"noreferrer noopener\" aria-label=\"TLDs (se abre en una nueva pesta\u00f1a)\" href=\"https:\/\/archive.icann.org\/en\/tlds\/\" target=\"_blank\">TLDs<\/a>) i mes de 1.300 de les noves extensions (<a rel=\"noreferrer noopener\" aria-label=\"gTLD (se abre en una nueva pesta\u00f1a)\" href=\"https:\/\/newgtlds.icann.org\/en\/about\/program\" target=\"_blank\">gTLD<\/a>).<\/p>\n\n\n<div class=\"wp-block-image\">\n<figure class=\"aligncenter size-large\"><a href=\"https:\/\/www.icann.org\/es\" target=\"_blank\" rel=\"noreferrer noopener\"><img data-recalc-dims=\"1\" loading=\"lazy\" decoding=\"async\" width=\"220\" height=\"60\" src=\"https:\/\/i0.wp.com\/www.didal.com\/web\/wp-content\/uploads\/2019\/12\/icann.png?resize=220%2C60&#038;ssl=1\" alt=\"hosting, dominios y certificados SSL a disposici\u00f3n de nuestros clientes\" class=\"wp-image-339\"\/><\/a><\/figure>\n<\/div>\n\n\n<p>l&#8217;hostalatge web o hosting, \u00e9s un servei de servidors en xarxa on posem a funcionar la teva <a href=\"https:\/\/www.didal.com\/web\/ca\/diseny-web\/\">p\u00e0gina web<\/a> per a que estigui disponible per a tot el mon, les 24 hores i els 365 dies de l&#8217;any.<\/p>\n\n\n\n<p>treballem amb el prove\u00efdor de Cloud Computing  m\u00e9s gran d&#8217;espanya que forma part de <a rel=\"noreferrer noopener\" aria-label=\"united internet (se abre en una nueva pesta\u00f1a)\" href=\"https:\/\/www.united-internet.de\/en\/company.html\" target=\"_blank\">united internet<\/a> la companyia europea m\u00e9s gran en el seu sector.<\/p>\n\n\n\n<p>per als nostres clients, disposem d&#8217;un servei de hostalatge, en servidor compartit, per 85\u20ac+iva a l&#8217;any, i est\u00e0 composat d&#8217;un servei mensual de 2GB de <a rel=\"noreferrer noopener\" aria-label=\"tr\u00e1fico (se abre en una nueva pesta\u00f1a)\" href=\"https:\/\/es.wikipedia.org\/wiki\/Tr%C3%A1fico_web\" target=\"_blank\">tr\u00e0fic<\/a>, 500MB d&#8217;espai en discos <a rel=\"noreferrer noopener\" aria-label=\"SSD (se abre en una nueva pesta\u00f1a)\" href=\"https:\/\/es.wikipedia.org\/wiki\/Unidad_de_estado_s%C3%B3lido\" target=\"_blank\">SSD<\/a>, 30 comptes de correu, servei <a rel=\"noreferrer noopener\" aria-label=\" (se abre en una nueva pesta\u00f1a)\" href=\"https:\/\/es.wikipedia.org\/wiki\/Protocolo_de_transferencia_de_archivos\" target=\"_blank\">FTP<\/a> i <a rel=\"noreferrer noopener\" aria-label=\"MySql (se abre en una nueva pesta\u00f1a)\" href=\"https:\/\/es.wikipedia.org\/wiki\/MySQL\" target=\"_blank\">MySql<\/a>.<\/p>\n\n\n\n<p>per a projectes de altes necessitats en recursos, pots contractar un servidor <a rel=\"noreferrer noopener\" aria-label=\"CLOUD (se abre en una nueva pesta\u00f1a)\" href=\"https:\/\/es.wikipedia.org\/wiki\/Computaci%C3%B3n_en_la_nube\" target=\"_blank\">CLOUD<\/a> gestionat, aquest servei \u00e9s escalable a partir de 1<a rel=\"noreferrer noopener\" aria-label=\"CPU (se abre en una nueva pesta\u00f1a)\" href=\"https:\/\/es.wikipedia.org\/wiki\/Unidad_central_de_procesamiento\" target=\"_blank\">CPU<\/a>, 1GB <a rel=\"noreferrer noopener\" aria-label=\"RAM (se abre en una nueva pesta\u00f1a)\" href=\"https:\/\/es.wikipedia.org\/wiki\/Unidad_central_de_procesamiento\" target=\"_blank\">RAM<\/a> i 40GB de disc <a rel=\"noreferrer noopener\" aria-label=\"SSD (se abre en una nueva pesta\u00f1a)\" href=\"https:\/\/es.wikipedia.org\/wiki\/Unidad_de_estado_s%C3%B3lido\" target=\"_blank\">SSD<\/a>, oferim aquesta configuraci\u00f3 als nostres clients per 35\u20ac+iva al mes.<\/p>\n\n\n\n<h3 class=\"wp-block-heading\">certificat SSL per HTTPS<\/h3>\n\n\n\n<p>la implementaci\u00f3 del sistema de certificat <a rel=\"noreferrer noopener\" href=\"https:\/\/es.wikipedia.org\/wiki\/Transport_Layer_Security\" target=\"_blank\">SSL<\/a> per HTTPS, ja \u00e9s una realitat. La seva funci\u00f3 principal es impedir la suplantaci\u00f3 d\u2019identitat en una <a href=\"https:\/\/www.didal.com\/web\/ca\/diseny-web\/\">p\u00e0gina web<\/a>.<\/p>\n\n\n\n<p>si vols millorar el posicionament en buscadors en necessitar\u00e0s un, accedeix al nostre <a href=\"https:\/\/www.didal.com\/web\/ca\/certificados-ssl-https\/\">apartat web<\/a> per con\u00e8ixer quins tipus i preus podem posar a la teva disposici\u00f3.<\/p>\n","protected":false},"excerpt":{"rendered":"<p>per disposar d&#8217;un hostalatge, primer necessitem un nom de domini, que \u00e9s l&#8217;adre\u00e7a que s&#8217;escriu a la barra d&#8217;adreces del&#8230;<\/p>\n","protected":false},"author":1,"featured_media":0,"parent":0,"menu_order":0,"comment_status":"closed","ping_status":"closed","template":"","meta":{"_monsterinsights_skip_tracking":false,"_monsterinsights_sitenote_active":false,"_monsterinsights_sitenote_note":"","_monsterinsights_sitenote_category":0,"_links_to":"","_links_to_type":0,"footnotes":""},"class_list":["post-338","page","type-page","status-publish","hentry","post-archive"],"aioseo_notices":[],"jetpack_sharing_enabled":true,"jetpack_likes_enabled":true,"_links":{"self":[{"href":"https:\/\/www.didal.com\/ca\/wp-json\/wp\/v2\/pages\/338","targetHints":{"allow":["GET"]}}],"collection":[{"href":"https:\/\/www.didal.com\/ca\/wp-json\/wp\/v2\/pages"}],"about":[{"href":"https:\/\/www.didal.com\/ca\/wp-json\/wp\/v2\/types\/page"}],"author":[{"embeddable":true,"href":"https:\/\/www.didal.com\/ca\/wp-json\/wp\/v2\/users\/1"}],"replies":[{"embeddable":true,"href":"https:\/\/www.didal.com\/ca\/wp-json\/wp\/v2\/comments?post=338"}],"version-history":[{"count":29,"href":"https:\/\/www.didal.com\/ca\/wp-json\/wp\/v2\/pages\/338\/revisions"}],"predecessor-version":[{"id":785,"href":"https:\/\/www.didal.com\/ca\/wp-json\/wp\/v2\/pages\/338\/revisions\/785"}],"wp:attachment":[{"href":"https:\/\/www.didal.com\/ca\/wp-json\/wp\/v2\/media?parent=338"}],"curies":[{"name":"wp","href":"https:\/\/api.w.org\/{rel}","templated":true}]}}