{"id":373,"date":"2019-12-30T13:48:51","date_gmt":"2019-12-30T12:48:51","guid":{"rendered":"https:\/\/www.didal.com\/web\/?page_id=373"},"modified":"2022-07-20T20:37:45","modified_gmt":"2022-07-20T18:37:45","slug":"certificados-ssl-https","status":"publish","type":"page","link":"https:\/\/www.didal.com\/ca\/certificados-ssl-https\/","title":{"rendered":"certificat SSL per HTTPS"},"content":{"rendered":"\n<div class=\"wp-block-columns is-layout-flex wp-container-core-columns-is-layout-9d6595d7 wp-block-columns-is-layout-flex\">\n<div class=\"wp-block-column is-layout-flow wp-block-column-is-layout-flow\">\n<figure class=\"wp-block-image size-large\"><img data-recalc-dims=\"1\" loading=\"lazy\" decoding=\"async\" width=\"640\" height=\"406\" src=\"https:\/\/i0.wp.com\/www.didal.com\/web\/wp-content\/uploads\/2019\/12\/browsers-1.png?resize=640%2C406&#038;ssl=1\" alt=\"certificado SSL para HTTP en los principales navegadores web\" class=\"wp-image-353\" srcset=\"https:\/\/i0.wp.com\/www.didal.com\/web\/wp-content\/uploads\/2019\/12\/browsers-1.png?resize=1024%2C650&amp;ssl=1 1024w, https:\/\/i0.wp.com\/www.didal.com\/web\/wp-content\/uploads\/2019\/12\/browsers-1.png?resize=300%2C190&amp;ssl=1 300w, https:\/\/i0.wp.com\/www.didal.com\/web\/wp-content\/uploads\/2019\/12\/browsers-1.png?resize=768%2C488&amp;ssl=1 768w, https:\/\/i0.wp.com\/www.didal.com\/web\/wp-content\/uploads\/2019\/12\/browsers-1.png?resize=1040%2C660&amp;ssl=1 1040w, https:\/\/i0.wp.com\/www.didal.com\/web\/wp-content\/uploads\/2019\/12\/browsers-1.png?resize=640%2C406&amp;ssl=1 640w, https:\/\/i0.wp.com\/www.didal.com\/web\/wp-content\/uploads\/2019\/12\/browsers-1.png?w=1104&amp;ssl=1 1104w\" sizes=\"auto, (max-width: 640px) 100vw, 640px\" \/><\/figure>\n<\/div>\n\n\n\n<div class=\"wp-block-column is-layout-flow wp-block-column-is-layout-flow\">\n<p>la implementaci\u00f3 del sistema de certificat <a rel=\"noreferrer noopener\" aria-label=\"SSL (se abre en una nueva pesta\u00f1a)\" href=\"https:\/\/es.wikipedia.org\/wiki\/Transport_Layer_Security\" target=\"_blank\">SSL<\/a> per HTTPS, ja \u00e9s una realitat. La seva funci\u00f3 principal es impedir la suplantaci\u00f3 d&#8217;identitat en una <a href=\"https:\/\/www.didal.com\/web\/ca\/diseny-web\/\">p\u00e0gina web<\/a>.<\/p>\n<\/div>\n<\/div>\n\n\n\n<p>molts navegadors aturen l&#8217;acc\u00e9s a les p\u00e0gines que no disposen de https:\/\/<\/p>\n\n\n\n<p>si no disposes del certificat tamb\u00e9 resta penalitzat el teu posicionament en buscadors com <a rel=\"noreferrer noopener\" aria-label=\"google (se abre en una nueva pesta\u00f1a)\" href=\"https:\/\/www.google.es\" target=\"_blank\">google<\/a>.<\/p>\n\n\n\n<figure class=\"wp-block-image size-medium\"><a href=\"https:\/\/ssl.comodo.com\/\" target=\"_blank\" rel=\"noreferrer noopener\"><img data-recalc-dims=\"1\" loading=\"lazy\" decoding=\"async\" width=\"300\" height=\"90\" src=\"https:\/\/i0.wp.com\/www.didal.com\/web\/wp-content\/uploads\/2019\/12\/logo_comodo.png?resize=300%2C90&#038;ssl=1\" alt=\"con comodo obtenemos un certificado SSL para HTTP\" class=\"wp-image-358\" srcset=\"https:\/\/i0.wp.com\/www.didal.com\/web\/wp-content\/uploads\/2019\/12\/logo_comodo.png?resize=300%2C90&amp;ssl=1 300w, https:\/\/i0.wp.com\/www.didal.com\/web\/wp-content\/uploads\/2019\/12\/logo_comodo.png?resize=1024%2C308&amp;ssl=1 1024w, https:\/\/i0.wp.com\/www.didal.com\/web\/wp-content\/uploads\/2019\/12\/logo_comodo.png?resize=768%2C231&amp;ssl=1 768w, https:\/\/i0.wp.com\/www.didal.com\/web\/wp-content\/uploads\/2019\/12\/logo_comodo.png?resize=1536%2C462&amp;ssl=1 1536w, https:\/\/i0.wp.com\/www.didal.com\/web\/wp-content\/uploads\/2019\/12\/logo_comodo.png?resize=2048%2C616&amp;ssl=1 2048w, https:\/\/i0.wp.com\/www.didal.com\/web\/wp-content\/uploads\/2019\/12\/logo_comodo.png?resize=1040%2C313&amp;ssl=1 1040w, https:\/\/i0.wp.com\/www.didal.com\/web\/wp-content\/uploads\/2019\/12\/logo_comodo.png?resize=640%2C192&amp;ssl=1 640w, https:\/\/i0.wp.com\/www.didal.com\/web\/wp-content\/uploads\/2019\/12\/logo_comodo.png?w=1280&amp;ssl=1 1280w, https:\/\/i0.wp.com\/www.didal.com\/web\/wp-content\/uploads\/2019\/12\/logo_comodo.png?w=1920&amp;ssl=1 1920w\" sizes=\"auto, (max-width: 300px) 100vw, 300px\" \/><\/a><\/figure>\n\n\n\n<p>nosaltres treballem amb la entitat de certificaci\u00f3 <a rel=\"noreferrer noopener\" aria-label=\"Comodo (se abre en una nueva pesta\u00f1a)\" href=\"https:\/\/ssl.comodo.com\/\" target=\"_blank\">Comodo<\/a>, lider mundial en solucions de seguretat digital, amb m\u00e9s de 100 mil\u00b7lions de certificats en tot el mon.<\/p>\n\n\n\n<p>seguint els crit\u00e8ris establerts per  l&#8217;American Institute of CPAs (<a href=\"https:\/\/www.aicpa.org\/\">AICPA<\/a>) i el  Chartered Professional Accountants of Canada (<a rel=\"noreferrer noopener\" aria-label=\"CPA (se abre en una nueva pesta\u00f1a)\" href=\"https:\/\/www.cpacanada.ca\/\" target=\"_blank\">CPA<\/a>)<\/p>\n\n\n\n<div class=\"wp-block-columns is-layout-flex wp-container-core-columns-is-layout-9d6595d7 wp-block-columns-is-layout-flex\">\n<div class=\"wp-block-column is-layout-flow wp-block-column-is-layout-flow\">\n<figure class=\"wp-block-image size-large\"><a href=\"https:\/\/ssl.comodo.com\/uploads\/files\/ComodoCA_SOC3_Report.pdf\" target=\"_blank\" rel=\"noreferrer noopener\"><img data-recalc-dims=\"1\" loading=\"lazy\" decoding=\"async\" width=\"96\" height=\"124\" src=\"https:\/\/i0.wp.com\/www.didal.com\/web\/wp-content\/uploads\/2019\/12\/soc3-EY.234673291.png?resize=96%2C124&#038;ssl=1\" alt=\"SYSTEM AND ORGANIZATION CONTROLS - certificado SSL para HTTPS\" class=\"wp-image-362\"\/><\/a><\/figure>\n<\/div>\n\n\n\n<div class=\"wp-block-column is-layout-flow wp-block-column-is-layout-flow\">\n<figure class=\"wp-block-image size-large\"><a href=\"https:\/\/www.cpacanada.ca\/webtrustseal?sealid=10229\" target=\"_blank\" rel=\"noreferrer noopener\"><img data-recalc-dims=\"1\" loading=\"lazy\" decoding=\"async\" width=\"200\" height=\"260\" src=\"https:\/\/i0.wp.com\/www.didal.com\/web\/wp-content\/uploads\/2019\/12\/webtrust-logo.234673291.png?resize=200%2C260&#038;ssl=1\" alt=\"webtrust \" class=\"wp-image-363\"\/><\/a><\/figure>\n<\/div>\n\n\n\n<div class=\"wp-block-column is-layout-flow wp-block-column-is-layout-flow\">\n<figure class=\"wp-block-image size-large\"><a href=\"https:\/\/www.cpacanada.ca\/webtrustseal?sealid=10231\" target=\"_blank\" rel=\"noreferrer noopener\"><img data-recalc-dims=\"1\" loading=\"lazy\" decoding=\"async\" width=\"200\" height=\"260\" src=\"https:\/\/i0.wp.com\/www.didal.com\/web\/wp-content\/uploads\/2019\/12\/webtrust-logo-ev.234673291.png?resize=200%2C260&#038;ssl=1\" alt=\"webtrust extended \" class=\"wp-image-364\"\/><\/a><\/figure>\n<\/div>\n\n\n\n<div class=\"wp-block-column is-layout-flow wp-block-column-is-layout-flow\">\n<figure class=\"wp-block-image size-large\"><a href=\"https:\/\/www.cpacanada.ca\/webtrustseal?sealid=10233\" target=\"_blank\" rel=\"noreferrer noopener\"><img data-recalc-dims=\"1\" loading=\"lazy\" decoding=\"async\" width=\"200\" height=\"260\" src=\"https:\/\/i0.wp.com\/www.didal.com\/web\/wp-content\/uploads\/2019\/12\/webtrust-logo-evcs.234673291.png?resize=200%2C260&#038;ssl=1\" alt=\"webtrust ev \" class=\"wp-image-365\"\/><\/a><\/figure>\n<\/div>\n\n\n\n<div class=\"wp-block-column is-layout-flow wp-block-column-is-layout-flow\">\n<figure class=\"wp-block-image size-large\"><a href=\"https:\/\/www.cpacanada.ca\/webtrustseal?sealid=10230\" target=\"_blank\" rel=\"noreferrer noopener\"><img data-recalc-dims=\"1\" loading=\"lazy\" decoding=\"async\" width=\"200\" height=\"260\" src=\"https:\/\/i0.wp.com\/www.didal.com\/web\/wp-content\/uploads\/2019\/12\/webtrust-logo-br.234673291.png?resize=200%2C260&#038;ssl=1\" alt=\"webtrust br-ssl\" class=\"wp-image-366\"\/><\/a><\/figure>\n<\/div>\n\n\n\n<div class=\"wp-block-column is-layout-flow wp-block-column-is-layout-flow\">\n<figure class=\"wp-block-image size-large\"><a href=\"https:\/\/www.cpacanada.ca\/webtrustseal?sealid=10232\" target=\"_blank\" rel=\"noreferrer noopener\"><img data-recalc-dims=\"1\" loading=\"lazy\" decoding=\"async\" width=\"200\" height=\"260\" src=\"https:\/\/i0.wp.com\/www.didal.com\/web\/wp-content\/uploads\/2019\/12\/webtrust-logo-ca-code-signing.234673291.png?resize=200%2C260&#038;ssl=1\" alt=\"webtrust signing \" class=\"wp-image-367\"\/><\/a><\/figure>\n<\/div>\n<\/div>\n\n\n\n<p>tens m\u00faltiples opcions per obtenir un certificat <a rel=\"noreferrer noopener\" href=\"https:\/\/es.wikipedia.org\/wiki\/Transport_Layer_Security\" target=\"_blank\">SSL<\/a> per HTTPS, amb un gran nombre de serveis i preus, estem a la teva disposici\u00f3 per ajudar-te a trobar el millor per la teva <a href=\"https:\/\/www.didal.com\/web\/ca\/diseny-web\/\">p\u00e0gina web<\/a>.<\/p>\n\n\n\n<p>per si no pots esperar, et fem una breu introducci\u00f3. La primera pregunta que ens hem de fer es si volem una cobertura per un s\u00f2l domini (1), si tamb\u00e9 requerim de assegurar el seus subdominis  (2) o si tenim que certificar m\u00e9s dominis o extensions (3).<\/p>\n\n\n\n<p>despr\u00e9s tenim que decidir quin tipus de certificaci\u00f3 posarem en el certificat, tenim la opci\u00f3 b\u00e0sica (DV), la d&#8217;empresa (OV) i la extensa (EV)<\/p>\n\n\n\n<p>les tarifes varien depenent de com combinem la primera i la segona opci\u00f3, tenim preus anuals des de 17\u20ac + iva per als de domini b\u00e0sic (1-DV)<\/p>\n\n\n\n<p>totes les opcions disposen de cobertura d&#8217;asseguran\u00e7a de 500.000$ i connexi\u00f3 segura i encriptada de 256bits.<\/p>\n","protected":false},"excerpt":{"rendered":"<p>la implementaci\u00f3 del sistema de certificat SSL per HTTPS, ja \u00e9s una realitat. La seva funci\u00f3 principal es impedir la&#8230;<\/p>\n","protected":false},"author":1,"featured_media":0,"parent":0,"menu_order":0,"comment_status":"closed","ping_status":"closed","template":"","meta":{"_monsterinsights_skip_tracking":false,"_monsterinsights_sitenote_active":false,"_monsterinsights_sitenote_note":"","_monsterinsights_sitenote_category":0,"_links_to":"","_links_to_type":0,"footnotes":""},"class_list":["post-373","page","type-page","status-publish","hentry","post-archive"],"aioseo_notices":[],"jetpack_sharing_enabled":true,"jetpack_likes_enabled":true,"_links":{"self":[{"href":"https:\/\/www.didal.com\/ca\/wp-json\/wp\/v2\/pages\/373","targetHints":{"allow":["GET"]}}],"collection":[{"href":"https:\/\/www.didal.com\/ca\/wp-json\/wp\/v2\/pages"}],"about":[{"href":"https:\/\/www.didal.com\/ca\/wp-json\/wp\/v2\/types\/page"}],"author":[{"embeddable":true,"href":"https:\/\/www.didal.com\/ca\/wp-json\/wp\/v2\/users\/1"}],"replies":[{"embeddable":true,"href":"https:\/\/www.didal.com\/ca\/wp-json\/wp\/v2\/comments?post=373"}],"version-history":[{"count":10,"href":"https:\/\/www.didal.com\/ca\/wp-json\/wp\/v2\/pages\/373\/revisions"}],"predecessor-version":[{"id":634,"href":"https:\/\/www.didal.com\/ca\/wp-json\/wp\/v2\/pages\/373\/revisions\/634"}],"wp:attachment":[{"href":"https:\/\/www.didal.com\/ca\/wp-json\/wp\/v2\/media?parent=373"}],"curies":[{"name":"wp","href":"https:\/\/api.w.org\/{rel}","templated":true}]}}