{"id":530,"date":"2019-12-31T11:56:44","date_gmt":"2019-12-31T10:56:44","guid":{"rendered":"https:\/\/www.didal.com\/web\/?page_id=530"},"modified":"2022-07-20T20:42:42","modified_gmt":"2022-07-20T18:42:42","slug":"owncloud","status":"publish","type":"page","link":"https:\/\/www.didal.com\/ca\/owncloud\/","title":{"rendered":"owncloud"},"content":{"rendered":"\n<p>ownCloud es una aplicaci\u00f3n de <a href=\"https:\/\/es.wikipedia.org\/wiki\/Software_libre\">software libre<\/a> del tipo <a href=\"https:\/\/es.wikipedia.org\/wiki\/Servicio_de_alojamiento_de_archivos\">servicio de alojamiento de archivos<\/a>, que permite el almacenamiento en l\u00ednea y aplicaciones en l\u00ednea.<\/p>\n\n\n\n<p>si quieres tener el control de tu nube, esta es tu herramienta.<\/p>\n\n\n\n<p>podr\u00e1 sincronizar, su agenda, su lista de contactos, fotos, videos y documentos desde el m\u00f3vil el tablet o su ordenador personal.<\/p>\n\n\n<div class=\"wp-block-image\">\n<figure class=\"aligncenter size-large\"><a href=\"https:\/\/owncloud.org\/\" target=\"_blank\" rel=\"noreferrer noopener\"><img data-recalc-dims=\"1\" loading=\"lazy\" decoding=\"async\" width=\"311\" height=\"162\" src=\"https:\/\/i0.wp.com\/www.didal.com\/web\/wp-content\/uploads\/2019\/12\/logo_owncloud.png?resize=311%2C162&#038;ssl=1\" alt=\"owncloud\" class=\"wp-image-534\" srcset=\"https:\/\/i0.wp.com\/www.didal.com\/web\/wp-content\/uploads\/2019\/12\/logo_owncloud.png?w=311&amp;ssl=1 311w, https:\/\/i0.wp.com\/www.didal.com\/web\/wp-content\/uploads\/2019\/12\/logo_owncloud.png?resize=300%2C156&amp;ssl=1 300w\" sizes=\"auto, (max-width: 311px) 100vw, 311px\" \/><\/a><\/figure>\n<\/div>\n\n\n<p>en owncloud la seguridad es uno de los ejes principales de esta herramienta,  utiliza un cifrado basado en credenciales o claves maestras.<\/p>\n\n\n\n<p>por ello el nuevo cifrado de extremo a extremo, o <a rel=\"noreferrer noopener\" aria-label=\"E2EE (se abre en una nueva pesta\u00f1a)\" href=\"https:\/\/es.wikipedia.org\/wiki\/Cifrado_de_extremo_a_extremo\" target=\"_blank\">E2EE<\/a>, encripta completamente sus datos y ni un administrador ni terceros que tengan acceso a la infraestructura pueden leer los datos. <\/p>\n\n\n\n<p>tambi\u00e9n \u00e9s totalmente compatible con Reglamento General de Protecci\u00f3n de Datos de la Uni\u00f3n Europea <a rel=\"noreferrer noopener\" aria-label=\"EU-GDPR (se abre en una nueva pesta\u00f1a)\" href=\"https:\/\/ec.europa.eu\/info\/law\/law-topic\/data-protection_es\" target=\"_blank\">EU-GDPR<\/a>.<\/p>\n\n\n\n<p>owncloud est\u00e1 programado en <a href=\"https:\/\/www.didal.com\/web\/php\/\">PHP<\/a> y nostros lo instalamos sobre una base de datos <a href=\"https:\/\/www.mysql.com\/\" target=\"_blank\" rel=\"noreferrer noopener\" aria-label=\"MySql (se abre en una nueva pesta\u00f1a)\">MySql<\/a>.<\/p>\n\n\n\n<p>por lo que se adapta perfectamente a nuestros <a href=\"https:\/\/www.didal.com\/web\/diseno-web\/\">proyectos<\/a>. <\/p>\n","protected":false},"excerpt":{"rendered":"<p>ownCloud es una aplicaci\u00f3n de software libre del tipo servicio de alojamiento de archivos, que permite el almacenamiento en l\u00ednea&#8230;<\/p>\n","protected":false},"author":1,"featured_media":0,"parent":0,"menu_order":0,"comment_status":"closed","ping_status":"closed","template":"","meta":{"_monsterinsights_skip_tracking":false,"_monsterinsights_sitenote_active":false,"_monsterinsights_sitenote_note":"","_monsterinsights_sitenote_category":0,"_links_to":"","_links_to_type":0,"footnotes":""},"class_list":["post-530","page","type-page","status-publish","hentry","post-archive"],"aioseo_notices":[],"jetpack_sharing_enabled":true,"jetpack_likes_enabled":true,"_links":{"self":[{"href":"https:\/\/www.didal.com\/ca\/wp-json\/wp\/v2\/pages\/530","targetHints":{"allow":["GET"]}}],"collection":[{"href":"https:\/\/www.didal.com\/ca\/wp-json\/wp\/v2\/pages"}],"about":[{"href":"https:\/\/www.didal.com\/ca\/wp-json\/wp\/v2\/types\/page"}],"author":[{"embeddable":true,"href":"https:\/\/www.didal.com\/ca\/wp-json\/wp\/v2\/users\/1"}],"replies":[{"embeddable":true,"href":"https:\/\/www.didal.com\/ca\/wp-json\/wp\/v2\/comments?post=530"}],"version-history":[{"count":7,"href":"https:\/\/www.didal.com\/ca\/wp-json\/wp\/v2\/pages\/530\/revisions"}],"predecessor-version":[{"id":790,"href":"https:\/\/www.didal.com\/ca\/wp-json\/wp\/v2\/pages\/530\/revisions\/790"}],"wp:attachment":[{"href":"https:\/\/www.didal.com\/ca\/wp-json\/wp\/v2\/media?parent=530"}],"curies":[{"name":"wp","href":"https:\/\/api.w.org\/{rel}","templated":true}]}}