{"id":12,"date":"2019-12-27T21:35:45","date_gmt":"2019-12-27T20:35:45","guid":{"rendered":"https:\/\/www.didal.com\/web\/?page_id=12"},"modified":"2024-10-12T19:17:40","modified_gmt":"2024-10-12T17:17:40","slug":"diseny-web","status":"publish","type":"page","link":"https:\/\/www.didal.com\/en\/diseny-web\/","title":{"rendered":"dise\u00f1o Web"},"content":{"rendered":"\n<p>somos especialistas en programaci\u00f3n <a href=\"https:\/\/www.didal.com\/web\/php\/\">PHP<\/a>, el dise\u00f1o e implementaci\u00f3 de proyectos web es nuestra especialidad, si algui\u00e9n te ha dicho que no se puede hacer es que no has hablado con nosotros.<\/p>\n\n\n\n<p>la mayor\u00eda de nuestros proyectos se sostienen en bases de datos <a href=\"https:\/\/www.didal.com\/web\/php\/\">MySql<\/a>, pero tenemos algunos proyectos por requerimiento del cliente que funcionan en SqlServer y Oracle.<\/p>\n\n\n\n<p>nos encanta trabajar con el detalle y la personalizaci\u00f3n, todos nuestros proyectos s\u00f3n <span class=\"disp_diferente\">diferentes<\/span>, porque tambi\u00e9n los s\u00f3n nuestros clientes.<\/p>\n\n\n\n<p>para mejorar la interacci\u00f3n con el usuario aplicamos <a href=\"https:\/\/developer.mozilla.org\/es\/docs\/Web\/JavaScript\" target=\"_blank\" rel=\"noreferrer noopener\" aria-label=\" (se abre en una nueva pesta\u00f1a)\">javascript<\/a> en las partes del proyecto que lo requieren.<\/p>\n\n\n\n<h2 class=\"wp-block-heading\">frameworks<\/h2>\n\n\n\n<p><a rel=\"noreferrer noopener\" aria-label=\"boostrap (se abre en una nueva pesta\u00f1a)\" href=\"https:\/\/getbootstrap.com\/\" target=\"_blank\">boostrap<\/a> combinado con algunos recursos libres, s\u00f3n nuestra \u00fanica base de c\u00f3digo, tenemos un desarrollo pr\u00f3pio y lo generamos de nuevo para cada uno de nuestros proyectos.<\/p>\n\n\n\n<p>por requerimiento de nuestros clientes hemos trabajado en proyectos con los siguientes <a rel=\"noreferrer noopener\" aria-label=\"frameworks (se abre en una nueva pesta\u00f1a)\" href=\"https:\/\/es.wikipedia.org\/wiki\/Framework\" target=\"_blank\">frameworks<\/a>: <a rel=\"noreferrer noopener\" aria-label=\"Zend (se abre en una nueva pesta\u00f1a)\" href=\"https:\/\/www.zend.com\/\" target=\"_blank\">Zend<\/a> |  <a rel=\"noreferrer noopener\" aria-label=\"CakePHP (se abre en una nueva pesta\u00f1a)\" href=\"https:\/\/cakephp.org\/\" target=\"_blank\">CakePHP<\/a> | <a href=\"https:\/\/dotnet.microsoft.com\/apps\/aspnet\" target=\"_blank\" rel=\"noreferrer noopener\" aria-label=\"ASP.NET (se abre en una nueva pesta\u00f1a)\">ASP.NET<\/a> | <a href=\"https:\/\/cibonfire.com\/\" target=\"_blank\" rel=\"noreferrer noopener\" aria-label=\"Bonfire (se abre en una nueva pesta\u00f1a)\">Bonfire<\/a><\/p>\n\n\n\n<h2 class=\"wp-block-heading\">nuestra metodolog\u00eda de trabajo<\/h2>\n\n\n\n<div class=\"wp-block-columns is-layout-flex wp-container-core-columns-is-layout-9d6595d7 wp-block-columns-is-layout-flex\">\n<div class=\"wp-block-column is-layout-flow wp-block-column-is-layout-flow\">\n<p class=\"has-normal-font-size\">queremos conocerte a t\u00ed y a tu empresa,  nos tomaremos un chocolate contigo y estudiaremos la situaci\u00f3n en la que te encuentras.<\/p>\n\n\n\n<p>nuestro equipo har\u00e1 un estudio sobre el sector y los ejes de actuaci\u00f3n.<\/p>\n\n\n\n<p class=\"has-normal-font-size\">te haremos una propuesta econ\u00f3mica ajustada y con diferentes posibles soluciones para ti.<\/p>\n\n\n\n<p>la elecci\u00f3n debe ser tuya, nosotros te acompa\u00f1aremos en el camino.<\/p>\n<\/div>\n\n\n\n<div class=\"wp-block-column is-layout-flow wp-block-column-is-layout-flow\">\n<figure class=\"wp-block-image size-large\"><img data-recalc-dims=\"1\" loading=\"lazy\" decoding=\"async\" width=\"400\" height=\"600\" src=\"https:\/\/i0.wp.com\/www.didal.com\/web\/wp-content\/uploads\/2019\/12\/xocolat-e1577639483763.jpg?resize=400%2C600&#038;ssl=1\" alt=\"dise\u00f1o web con chocolate\" class=\"wp-image-245\" srcset=\"https:\/\/i0.wp.com\/www.didal.com\/web\/wp-content\/uploads\/2019\/12\/xocolat-e1577639483763.jpg?w=400&amp;ssl=1 400w, https:\/\/i0.wp.com\/www.didal.com\/web\/wp-content\/uploads\/2019\/12\/xocolat-e1577639483763.jpg?resize=200%2C300&amp;ssl=1 200w\" sizes=\"auto, (max-width: 400px) 100vw, 400px\" \/><\/figure>\n<\/div>\n<\/div>\n\n\n\n<p>antes de empezar con el desarrollo te ense\u00f1armeos maquetas de c\u00f3mo va a quedar el dise\u00f1o web, ajustado a vuestra imagen y procurando que transmita vuestros valores.<\/p>\n\n\n\n<p>queremos que nuestros trabajos requieran una muy baja curva de aprendizaje, por ello estudiamos cu\u00e1les s\u00f3n vuestros procesos de trabajo.<\/p>\n\n\n\n<p>durante el proyecto haremos reuniones de seguimiento d\u00f3nde te ense\u00f1amos c\u00f3mo evoluciona y si es necesario te ofreceremos posibilidades de mejora.<\/p>\n\n\n\n<p>al finalizar el proyecto haremos una sessi\u00f3n de acercamiento a la nueva herramienta para todos las personas implicadas.<\/p>\n\n\n\n<h2 class=\"wp-block-heading\">\u00bfquieres que trabajemos en un dise\u00f1o web juntos?<\/h2>\n\n\n<div class=\"wp-block-jetpack-contact-form is-layout-flex wp-container-jetpack-contact-form-is-layout-faa3ad1c wp-block-jetpack-contact-form-is-layout-flex\"><a href=\"https:\/\/www.didal.com\/en\/diseny-web\/\" target=\"_blank\" rel=\"noopener noreferrer\">Submit a form.<\/a><\/div>","protected":false},"excerpt":{"rendered":"<p>somos especialistas en programaci\u00f3n PHP, el dise\u00f1o e implementaci\u00f3 de proyectos web es nuestra especialidad, si algui\u00e9n te ha dicho&#8230;<\/p>\n","protected":false},"author":1,"featured_media":0,"parent":0,"menu_order":0,"comment_status":"closed","ping_status":"closed","template":"template-centered.php","meta":{"_monsterinsights_skip_tracking":false,"_monsterinsights_sitenote_active":false,"_monsterinsights_sitenote_note":"","_monsterinsights_sitenote_category":0,"_links_to":"","_links_to_type":0,"footnotes":""},"class_list":["post-12","page","type-page","status-publish","hentry","post-archive"],"aioseo_notices":[],"jetpack_sharing_enabled":true,"jetpack_likes_enabled":true,"_links":{"self":[{"href":"https:\/\/www.didal.com\/en\/wp-json\/wp\/v2\/pages\/12","targetHints":{"allow":["GET"]}}],"collection":[{"href":"https:\/\/www.didal.com\/en\/wp-json\/wp\/v2\/pages"}],"about":[{"href":"https:\/\/www.didal.com\/en\/wp-json\/wp\/v2\/types\/page"}],"author":[{"embeddable":true,"href":"https:\/\/www.didal.com\/en\/wp-json\/wp\/v2\/users\/1"}],"replies":[{"embeddable":true,"href":"https:\/\/www.didal.com\/en\/wp-json\/wp\/v2\/comments?post=12"}],"version-history":[{"count":43,"href":"https:\/\/www.didal.com\/en\/wp-json\/wp\/v2\/pages\/12\/revisions"}],"predecessor-version":[{"id":8595,"href":"https:\/\/www.didal.com\/en\/wp-json\/wp\/v2\/pages\/12\/revisions\/8595"}],"wp:attachment":[{"href":"https:\/\/www.didal.com\/en\/wp-json\/wp\/v2\/media?parent=12"}],"curies":[{"name":"wp","href":"https:\/\/api.w.org\/{rel}","templated":true}]}}