{"id":14,"date":"2019-12-27T21:40:01","date_gmt":"2019-12-27T20:40:01","guid":{"rendered":"https:\/\/www.didal.com\/web\/?page_id=14"},"modified":"2024-10-12T19:19:48","modified_gmt":"2024-10-12T17:19:48","slug":"compromis-social","status":"publish","type":"page","link":"https:\/\/www.didal.com\/en\/compromis-social\/","title":{"rendered":"compromiso social"},"content":{"rendered":"\n<div class=\"wp-block-columns is-layout-flex wp-container-core-columns-is-layout-9d6595d7 wp-block-columns-is-layout-flex\">\n<div class=\"wp-block-column is-layout-flow wp-block-column-is-layout-flow\" style=\"flex-basis:66.66%\">\n<figure class=\"wp-block-image size-large\"><img data-recalc-dims=\"1\" loading=\"lazy\" decoding=\"async\" width=\"600\" height=\"906\" src=\"https:\/\/i0.wp.com\/www.didal.com\/web\/wp-content\/uploads\/2019\/12\/compromiso.jpg?resize=600%2C906&#038;ssl=1\" alt=\"compromiso social\" class=\"wp-image-142\" srcset=\"https:\/\/i0.wp.com\/www.didal.com\/web\/wp-content\/uploads\/2019\/12\/compromiso.jpg?w=600&amp;ssl=1 600w, https:\/\/i0.wp.com\/www.didal.com\/web\/wp-content\/uploads\/2019\/12\/compromiso.jpg?resize=199%2C300&amp;ssl=1 199w\" sizes=\"auto, (max-width: 600px) 100vw, 600px\" \/><\/figure>\n<\/div>\n\n\n\n<div class=\"wp-block-column is-layout-flow wp-block-column-is-layout-flow\" style=\"flex-basis:33.33%\">\n<p>nos sentimos coprometidos con nuestra huella empresarial, porqu\u00e9 todo lo que hacemos tiene un impacto, por lo que tenemos un s\u00f3lido compromiso social.<\/p>\n\n\n\n<p>no todos los <a href=\"https:\/\/www.didal.com\/web\/estudio-soluciones-web\">proyectos<\/a> s\u00f3n iguales, nos gusta favorecer aquellos que buscan un beneficio social.<\/p>\n\n\n\n<p>buscamos aliados que sostengan este compromiso s\u00f3lido.<\/p>\n\n\n\n<p>por ello queremos mostrarte las empresas con las que compartimos algunos objetivos y col\u00b7laboramos cada d\u00eda.<\/p>\n<\/div>\n<\/div>\n\n\n\n<h2 class=\"wp-block-heading\">nuestros proveedores con compromiso social:<\/h2>\n\n\n\n<div class=\"wp-block-columns is-layout-flex wp-container-core-columns-is-layout-9d6595d7 wp-block-columns-is-layout-flex\">\n<div class=\"wp-block-column is-layout-flow wp-block-column-is-layout-flow\" style=\"flex-basis:66.66%\">\n<p class=\"has-background has-small-font-size\" style=\"background-color:#0f888d\">el proyecto Xubuntu sigue los principios  del desarrollo de software libre<a href=\"http:\/\/www.gnu.org\/home.es.html\" target=\"_blank\" rel=\"noreferrer noopener\" aria-label=\" (se abre en una nueva pesta\u00f1a)\"> GNU<\/a>. <\/p>\n\n\n\n<p class=\"has-background has-small-font-size\" style=\"background-color:#0f888d\">elegante, ligero, configurable y f\u00e1cil de usar, est\u00e1 presente en todos nuestros servidores.<\/p>\n<\/div>\n\n\n\n<div class=\"wp-block-column is-layout-flow wp-block-column-is-layout-flow\" style=\"flex-basis:33.33%\">\n<h3 class=\"wp-block-heading\">Sistema Operativo<\/h3>\n\n\n\n<figure class=\"wp-block-image size-large\"><a href=\"https:\/\/xubuntu.org\/\" target=\"_blank\" rel=\"noreferrer noopener\"><img data-recalc-dims=\"1\" loading=\"lazy\" decoding=\"async\" width=\"640\" height=\"348\" src=\"https:\/\/i0.wp.com\/www.didal.com\/web\/wp-content\/uploads\/2019\/12\/xubuntu.jpg?resize=640%2C348&#038;ssl=1\" alt=\"xubuntu\" class=\"wp-image-220\" srcset=\"https:\/\/i0.wp.com\/www.didal.com\/web\/wp-content\/uploads\/2019\/12\/xubuntu.jpg?w=900&amp;ssl=1 900w, https:\/\/i0.wp.com\/www.didal.com\/web\/wp-content\/uploads\/2019\/12\/xubuntu.jpg?resize=300%2C163&amp;ssl=1 300w, https:\/\/i0.wp.com\/www.didal.com\/web\/wp-content\/uploads\/2019\/12\/xubuntu.jpg?resize=768%2C418&amp;ssl=1 768w, https:\/\/i0.wp.com\/www.didal.com\/web\/wp-content\/uploads\/2019\/12\/xubuntu.jpg?resize=640%2C348&amp;ssl=1 640w\" sizes=\"auto, (max-width: 640px) 100vw, 640px\" \/><\/a><\/figure>\n<\/div>\n<\/div>\n\n\n\n<div class=\"wp-block-columns is-layout-flex wp-container-core-columns-is-layout-9d6595d7 wp-block-columns-is-layout-flex\">\n<div class=\"wp-block-column is-layout-flow wp-block-column-is-layout-flow\" style=\"flex-basis:33.33%\">\n<h3 class=\"wp-block-heading\">Gestor\u00eda Social <\/h3>\n\n\n\n<figure class=\"wp-block-image size-large\"><a href=\"https:\/\/www.coopdema.cat\/\" target=\"_blank\" rel=\"noreferrer noopener\"><img data-recalc-dims=\"1\" loading=\"lazy\" decoding=\"async\" width=\"640\" height=\"348\" src=\"https:\/\/i0.wp.com\/www.didal.com\/web\/wp-content\/uploads\/2019\/12\/coopdema.jpg?resize=640%2C348&#038;ssl=1\" alt=\"coopdema\" class=\"wp-image-216\" srcset=\"https:\/\/i0.wp.com\/www.didal.com\/web\/wp-content\/uploads\/2019\/12\/coopdema.jpg?w=900&amp;ssl=1 900w, https:\/\/i0.wp.com\/www.didal.com\/web\/wp-content\/uploads\/2019\/12\/coopdema.jpg?resize=300%2C163&amp;ssl=1 300w, https:\/\/i0.wp.com\/www.didal.com\/web\/wp-content\/uploads\/2019\/12\/coopdema.jpg?resize=768%2C418&amp;ssl=1 768w, https:\/\/i0.wp.com\/www.didal.com\/web\/wp-content\/uploads\/2019\/12\/coopdema.jpg?resize=640%2C348&amp;ssl=1 640w\" sizes=\"auto, (max-width: 640px) 100vw, 640px\" \/><\/a><\/figure>\n<\/div>\n\n\n\n<div class=\"wp-block-column is-layout-flow wp-block-column-is-layout-flow\" style=\"flex-basis:66.66%\">\n<p class=\"has-orange-background-color has-background has-small-font-size\">no es f\u00e1cil confiar toda la gesti\u00f3n fiscal y laboral a una empresa que no comparta alguno de tus principios. <\/p>\n\n\n\n<p class=\"has-orange-background-color has-background has-small-font-size\">por eso nosotros confiamos en esta cooperativa con a\u00f1os de solvencia y profesionalidad. <\/p>\n<\/div>\n<\/div>\n\n\n\n<div class=\"wp-block-columns is-layout-flex wp-container-core-columns-is-layout-9d6595d7 wp-block-columns-is-layout-flex\">\n<div class=\"wp-block-column is-layout-flow wp-block-column-is-layout-flow\" style=\"flex-basis:66.66%\">\n<p class=\"has-red-background-color has-background has-small-font-size\">la fundaci\u00f3n de <a href=\"https:\/\/es.wikipedia.org\/wiki\/Software_libre\" target=\"_blank\" rel=\"noreferrer noopener\" aria-label=\"software libre (se abre en una nueva pesta\u00f1a)\">software libre<\/a> m\u00e1s grande del mundo, con multitud de proyectos activos.<\/p>\n\n\n\n<p class=\"has-red-background-color has-background has-small-font-size\">utilizamos netbeans, openoffice y c\u00f3mo no su servidor http, el m\u00e1s utilizado en el mundo.<\/p>\n<\/div>\n\n\n\n<div class=\"wp-block-column is-layout-flow wp-block-column-is-layout-flow\" style=\"flex-basis:33.33%\">\n<h3 class=\"wp-block-heading\">Software<\/h3>\n\n\n\n<figure class=\"wp-block-image size-large\"><a href=\"https:\/\/www.apache.org\/\" target=\"_blank\" rel=\"noreferrer noopener\"><img data-recalc-dims=\"1\" loading=\"lazy\" decoding=\"async\" width=\"640\" height=\"348\" src=\"https:\/\/i0.wp.com\/www.didal.com\/web\/wp-content\/uploads\/2019\/12\/apache.jpg?resize=640%2C348&#038;ssl=1\" alt=\"apache\" class=\"wp-image-215\" srcset=\"https:\/\/i0.wp.com\/www.didal.com\/web\/wp-content\/uploads\/2019\/12\/apache.jpg?w=900&amp;ssl=1 900w, https:\/\/i0.wp.com\/www.didal.com\/web\/wp-content\/uploads\/2019\/12\/apache.jpg?resize=300%2C163&amp;ssl=1 300w, https:\/\/i0.wp.com\/www.didal.com\/web\/wp-content\/uploads\/2019\/12\/apache.jpg?resize=768%2C418&amp;ssl=1 768w, https:\/\/i0.wp.com\/www.didal.com\/web\/wp-content\/uploads\/2019\/12\/apache.jpg?resize=640%2C348&amp;ssl=1 640w\" sizes=\"auto, (max-width: 640px) 100vw, 640px\" \/><\/a><\/figure>\n<\/div>\n<\/div>\n\n\n\n<div class=\"wp-block-columns is-layout-flex wp-container-core-columns-is-layout-9d6595d7 wp-block-columns-is-layout-flex\">\n<div class=\"wp-block-column is-layout-flow wp-block-column-is-layout-flow\" style=\"flex-basis:33.33%\">\n<h3 class=\"wp-block-heading\">Energ\u00eda Renovable<\/h3>\n\n\n\n<figure class=\"wp-block-image size-large\"><a href=\"https:\/\/www.somenergia.coop\/\" target=\"_blank\" rel=\"noreferrer noopener\"><img data-recalc-dims=\"1\" decoding=\"async\" src=\"https:\/\/i0.wp.com\/www.didal.com\/web\/wp-content\/uploads\/2019\/12\/som_energia.jpg?w=640&#038;ssl=1\" alt=\"som energia\" class=\"wp-image-117\"\/><\/a><\/figure>\n<\/div>\n\n\n\n<div class=\"wp-block-column is-layout-flow wp-block-column-is-layout-flow\" style=\"flex-basis:66.66%\">\n<p class=\"has-background has-small-font-size\" style=\"background-color:#d4e20f\">somos un equipo de inform\u00e1ticos y estamos todo el d\u00eda conectados. <\/p>\n\n\n\n<p class=\"has-background has-small-font-size\" style=\"background-color:#d4e20f\">queremos que toda la energ\u00eda que consumimos sea de producci\u00f3n renovable.<\/p>\n<\/div>\n<\/div>\n\n\n\n<div class=\"wp-block-columns is-layout-flex wp-container-core-columns-is-layout-9d6595d7 wp-block-columns-is-layout-flex\">\n<div class=\"wp-block-column is-layout-flow wp-block-column-is-layout-flow\" style=\"flex-basis:66.66%\">\n<p class=\"has-blue-background-color has-background has-small-font-size\">mozilla es la organizaci\u00f3n sin \u00e1nimo de lucro responsable de Firefox, el navegador alternativo original.  <\/p>\n\n\n\n<p class=\"has-blue-background-color has-background has-small-font-size\">con Thunderbird c\u00f3mo gestor de correos electr\u00f3nicos, completamos un servicio inigualable.<\/p>\n<\/div>\n\n\n\n<div class=\"wp-block-column is-layout-flow wp-block-column-is-layout-flow\" style=\"flex-basis:33.33%\">\n<h3 class=\"wp-block-heading\">Software Web<\/h3>\n\n\n\n<figure class=\"wp-block-image size-large\"><a href=\"https:\/\/www.mozilla.org\/es-ES\/\" target=\"_blank\" rel=\"noreferrer noopener\"><img data-recalc-dims=\"1\" loading=\"lazy\" decoding=\"async\" width=\"640\" height=\"348\" src=\"https:\/\/i0.wp.com\/www.didal.com\/web\/wp-content\/uploads\/2019\/12\/mozilla.jpg?resize=640%2C348&#038;ssl=1\" alt=\"mozilla\" class=\"wp-image-217\" srcset=\"https:\/\/i0.wp.com\/www.didal.com\/web\/wp-content\/uploads\/2019\/12\/mozilla.jpg?w=900&amp;ssl=1 900w, https:\/\/i0.wp.com\/www.didal.com\/web\/wp-content\/uploads\/2019\/12\/mozilla.jpg?resize=300%2C163&amp;ssl=1 300w, https:\/\/i0.wp.com\/www.didal.com\/web\/wp-content\/uploads\/2019\/12\/mozilla.jpg?resize=768%2C418&amp;ssl=1 768w, https:\/\/i0.wp.com\/www.didal.com\/web\/wp-content\/uploads\/2019\/12\/mozilla.jpg?resize=640%2C348&amp;ssl=1 640w\" sizes=\"auto, (max-width: 640px) 100vw, 640px\" \/><\/a><\/figure>\n<\/div>\n<\/div>\n\n\n\n<div class=\"wp-block-columns is-layout-flex wp-container-core-columns-is-layout-9d6595d7 wp-block-columns-is-layout-flex\">\n<div class=\"wp-block-column is-layout-flow wp-block-column-is-layout-flow\" style=\"flex-basis:33.33%\">\n<h3 class=\"wp-block-heading\">Banca \u00c9tica<\/h3>\n\n\n\n<figure class=\"wp-block-image size-large\"><a href=\"https:\/\/www.triodos.es\/\" target=\"_blank\" rel=\"noreferrer noopener\"><img data-recalc-dims=\"1\" loading=\"lazy\" decoding=\"async\" width=\"640\" height=\"348\" src=\"https:\/\/i0.wp.com\/www.didal.com\/web\/wp-content\/uploads\/2019\/12\/triodos.jpg?resize=640%2C348&#038;ssl=1\" alt=\"Triodos &#038; Bank\" class=\"wp-image-219\" srcset=\"https:\/\/i0.wp.com\/www.didal.com\/web\/wp-content\/uploads\/2019\/12\/triodos.jpg?w=900&amp;ssl=1 900w, https:\/\/i0.wp.com\/www.didal.com\/web\/wp-content\/uploads\/2019\/12\/triodos.jpg?resize=300%2C163&amp;ssl=1 300w, https:\/\/i0.wp.com\/www.didal.com\/web\/wp-content\/uploads\/2019\/12\/triodos.jpg?resize=768%2C418&amp;ssl=1 768w, https:\/\/i0.wp.com\/www.didal.com\/web\/wp-content\/uploads\/2019\/12\/triodos.jpg?resize=640%2C348&amp;ssl=1 640w\" sizes=\"auto, (max-width: 640px) 100vw, 640px\" \/><\/a><\/figure>\n<\/div>\n\n\n\n<div class=\"wp-block-column is-layout-flow wp-block-column-is-layout-flow\" style=\"flex-basis:66.66%\">\n<p class=\"has-background has-small-font-size\" style=\"background-color:#009a76\">s\u00f3lo tenemos un banco y exigimos que tenga algunos principios \u00e9ticos. <\/p>\n\n\n\n<p class=\"has-background has-small-font-size\" style=\"background-color:#009a76\">esperamos que no s\u00f3lo ganen dinero con nosotros, sin\u00f3 que faciliten la creaci\u00f3n de proyectos comunes. <\/p>\n<\/div>\n<\/div>\n\n\n\n<p>la mejora diaria de nuestras acciones tiene una direcci\u00f3n clara, en la b\u00fasqueda de la sostenibilidad, el desarrollo y el respeto a la diversidad.<\/p>\n\n\n\n<h2 class=\"wp-block-heading\">\u00bfconoces alg\u00fan proyecto con compromiso social, al que podamos unirnos?<\/h2>\n\n\n<div class=\"wp-block-jetpack-contact-form is-layout-flex wp-container-jetpack-contact-form-is-layout-faa3ad1c wp-block-jetpack-contact-form-is-layout-flex\"><a href=\"https:\/\/www.didal.com\/en\/compromis-social\/\" target=\"_blank\" rel=\"noopener noreferrer\">Submit a form.<\/a><\/div>","protected":false},"excerpt":{"rendered":"<p>nos sentimos coprometidos con nuestra huella empresarial, porqu\u00e9 todo lo que hacemos tiene un impacto, por lo que tenemos un&#8230;<\/p>\n","protected":false},"author":1,"featured_media":0,"parent":0,"menu_order":0,"comment_status":"closed","ping_status":"closed","template":"template-centered.php","meta":{"_monsterinsights_skip_tracking":false,"_monsterinsights_sitenote_active":false,"_monsterinsights_sitenote_note":"","_monsterinsights_sitenote_category":0,"_links_to":"","_links_to_type":0,"footnotes":""},"class_list":["post-14","page","type-page","status-publish","hentry","post-archive"],"aioseo_notices":[],"jetpack_sharing_enabled":true,"jetpack_likes_enabled":true,"_links":{"self":[{"href":"https:\/\/www.didal.com\/en\/wp-json\/wp\/v2\/pages\/14","targetHints":{"allow":["GET"]}}],"collection":[{"href":"https:\/\/www.didal.com\/en\/wp-json\/wp\/v2\/pages"}],"about":[{"href":"https:\/\/www.didal.com\/en\/wp-json\/wp\/v2\/types\/page"}],"author":[{"embeddable":true,"href":"https:\/\/www.didal.com\/en\/wp-json\/wp\/v2\/users\/1"}],"replies":[{"embeddable":true,"href":"https:\/\/www.didal.com\/en\/wp-json\/wp\/v2\/comments?post=14"}],"version-history":[{"count":65,"href":"https:\/\/www.didal.com\/en\/wp-json\/wp\/v2\/pages\/14\/revisions"}],"predecessor-version":[{"id":8598,"href":"https:\/\/www.didal.com\/en\/wp-json\/wp\/v2\/pages\/14\/revisions\/8598"}],"wp:attachment":[{"href":"https:\/\/www.didal.com\/en\/wp-json\/wp\/v2\/media?parent=14"}],"curies":[{"name":"wp","href":"https:\/\/api.w.org\/{rel}","templated":true}]}}