{"id":16,"date":"2019-12-27T21:44:32","date_gmt":"2019-12-27T20:44:32","guid":{"rendered":"https:\/\/www.didal.com\/web\/?page_id=16"},"modified":"2024-10-12T19:15:43","modified_gmt":"2024-10-12T17:15:43","slug":"estudio-soluciones-web","status":"publish","type":"page","link":"https:\/\/www.didal.com\/en\/estudio-soluciones-web\/","title":{"rendered":"pensando juntos"},"content":{"rendered":"\n<p>llevamos m\u00e1s de 20 a\u00f1os creando espacios web interactivos, en nuestro estudio de soluciones web, hemos  germinado proyectos grandes y peque\u00f1os, de <span class=\"disp_diferente\">diferentes<\/span> sectores,  cubriendo necesidades muy diversas.<\/p>\n\n\n\n<p>algunos nos llaman precursores, otros permanecen con nosotros por  nuestra fiabilidad a nosotros nos gusta aprender en cada uno de nuestros  trabajos.<\/p>\n\n\n\n<h2 class=\"wp-block-heading\">estudio de soluciones web<\/h2>\n\n\n\n<div class=\"wp-block-columns are-vertically-aligned-top is-layout-flex wp-container-core-columns-is-layout-9d6595d7 wp-block-columns-is-layout-flex\">\n<div class=\"wp-block-column is-vertically-aligned-top is-layout-flow wp-block-column-is-layout-flow\">\n<figure class=\"wp-block-image size-large\"><img data-recalc-dims=\"1\" loading=\"lazy\" decoding=\"async\" width=\"400\" height=\"300\" src=\"https:\/\/i0.wp.com\/www.didal.com\/web\/wp-content\/uploads\/2019\/12\/net.jpg?resize=400%2C300&#038;ssl=1\" alt=\"soluciones web creativas\" class=\"wp-image-259\" srcset=\"https:\/\/i0.wp.com\/www.didal.com\/web\/wp-content\/uploads\/2019\/12\/net.jpg?w=400&amp;ssl=1 400w, https:\/\/i0.wp.com\/www.didal.com\/web\/wp-content\/uploads\/2019\/12\/net.jpg?resize=300%2C225&amp;ssl=1 300w\" sizes=\"auto, (max-width: 400px) 100vw, 400px\" \/><\/figure>\n<\/div>\n\n\n\n<div class=\"wp-block-column is-vertically-aligned-top is-layout-flow wp-block-column-is-layout-flow\">\n<p>no todas las situaciones tienen las mismas respuestas, ni los mismos problemas son iguales para todos, por este motivo nuestras soluciones creativas se ajustan a las necesidades de nuestros clientes.<\/p>\n\n\n\n<p>preparamos todos los elementos necesarios para lograr los objetivos pactados.<\/p>\n<\/div>\n<\/div>\n\n\n\n<p>somos especialistas programando en <a href=\"https:\/\/www.didal.com\/web\/php\/\">PHP<\/a> y trabajamos con bases de datos <a rel=\"noreferrer noopener\" aria-label=\"MySql (se abre en una nueva pesta\u00f1a)\" href=\"https:\/\/www.mysql.com\/\" target=\"_blank\">MySql<\/a>, s\u00f3lo cu\u00e1ndo queremos mejorar la interacci\u00f3n con el usuario utilizamos c\u00f3digo en <a rel=\"noreferrer noopener\" aria-label=\"javascript (se abre en una nueva pesta\u00f1a)\" href=\"https:\/\/developer.mozilla.org\/es\/docs\/Web\/JavaScript\" target=\"_blank\">javascript<\/a>.<\/p>\n\n\n\n<h2 class=\"wp-block-heading\">las palabras, que definen un estilo<\/h2>\n\n\n\n<p>todas y cada una de estas palabras nos definen, descubre su significado, nosotros estamos preparados para ponerlas en pr\u00e1ctica.<\/p>\n\n\n\n<div class=\"wp-block-columns is-layout-flex wp-container-core-columns-is-layout-9d6595d7 wp-block-columns-is-layout-flex\">\n<div class=\"wp-block-column is-layout-flow wp-block-column-is-layout-flow\">\n<h3 class=\"wp-block-heading has-text-align-center disp_diferente\">diferente<\/h3>\n<\/div>\n\n\n\n<div class=\"wp-block-column is-layout-flow wp-block-column-is-layout-flow\">\n<h3 class=\"wp-block-heading has-text-align-center disp_dialogante\">dialogante  <\/h3>\n<\/div>\n\n\n\n<div class=\"wp-block-column is-layout-flow wp-block-column-is-layout-flow\">\n<h3 class=\"wp-block-heading has-text-align-center\"><\/h3>\n<\/div>\n\n\n\n<div class=\"wp-block-column is-layout-flow wp-block-column-is-layout-flow\">\n<h3 class=\"wp-block-heading has-text-align-center disp_dinamico\"> din\u00e1mico <\/h3>\n<\/div>\n<\/div>\n\n\n\n<div class=\"wp-block-columns is-layout-flex wp-container-core-columns-is-layout-9d6595d7 wp-block-columns-is-layout-flex\">\n<div class=\"wp-block-column is-layout-flow wp-block-column-is-layout-flow\">\n<h3 class=\"wp-block-heading has-text-align-center disp_directo\"> directo<\/h3>\n<\/div>\n\n\n\n<div class=\"wp-block-column is-layout-flow wp-block-column-is-layout-flow\">\n<h3 class=\"wp-block-heading has-text-align-center\"><\/h3>\n<\/div>\n\n\n\n<div class=\"wp-block-column is-layout-flow wp-block-column-is-layout-flow\">\n<h3 class=\"wp-block-heading has-text-align-center disp_diligente\"> diligente  <\/h3>\n<\/div>\n\n\n\n<div class=\"wp-block-column is-layout-flow wp-block-column-is-layout-flow\">\n<h3 class=\"wp-block-heading has-text-align-center disp_divertido\">divertido <\/h3>\n<\/div>\n<\/div>\n\n\n\n<div class=\"wp-block-columns is-layout-flex wp-container-core-columns-is-layout-9d6595d7 wp-block-columns-is-layout-flex\">\n<div class=\"wp-block-column is-layout-flow wp-block-column-is-layout-flow\"><\/div>\n\n\n\n<div class=\"wp-block-column is-layout-flow wp-block-column-is-layout-flow\">\n<h3 class=\"wp-block-heading has-text-align-center disp_didactico\">did\u00e1ctico <\/h3>\n<\/div>\n\n\n\n<div class=\"wp-block-column is-layout-flow wp-block-column-is-layout-flow\"><\/div>\n\n\n\n<div class=\"wp-block-column is-layout-flow wp-block-column-is-layout-flow\">\n<h3 class=\"wp-block-heading has-text-align-center disp_digital\"> digital <\/h3>\n<\/div>\n<\/div>\n\n\n\n<h2 class=\"wp-block-heading\">quieres ver algunos proyectos?<\/h2>\n\n\n\n<figure class=\"wp-block-gallery has-nested-images columns-2 is-cropped wp-block-gallery-1 is-layout-flex wp-block-gallery-is-layout-flex\">\n<figure class=\"wp-block-image size-large\"><a href=\"https:\/\/i0.wp.com\/www.didal.com\/web\/wp-content\/uploads\/2019\/12\/project0155.png?ssl=1\" target=\"_blank\" rel=\"noopener\"><img data-recalc-dims=\"1\" loading=\"lazy\" decoding=\"async\" width=\"640\" height=\"298\" data-id=\"189\" src=\"https:\/\/i0.wp.com\/www.didal.com\/web\/wp-content\/uploads\/2019\/12\/project0155.png?resize=640%2C298&#038;ssl=1\" alt=\"\" class=\"wp-image-189\" srcset=\"https:\/\/i0.wp.com\/www.didal.com\/web\/wp-content\/uploads\/2019\/12\/project0155.png?resize=1024%2C477&amp;ssl=1 1024w, https:\/\/i0.wp.com\/www.didal.com\/web\/wp-content\/uploads\/2019\/12\/project0155.png?resize=300%2C140&amp;ssl=1 300w, https:\/\/i0.wp.com\/www.didal.com\/web\/wp-content\/uploads\/2019\/12\/project0155.png?resize=768%2C358&amp;ssl=1 768w, https:\/\/i0.wp.com\/www.didal.com\/web\/wp-content\/uploads\/2019\/12\/project0155.png?resize=1536%2C715&amp;ssl=1 1536w, https:\/\/i0.wp.com\/www.didal.com\/web\/wp-content\/uploads\/2019\/12\/project0155.png?resize=1040%2C484&amp;ssl=1 1040w, https:\/\/i0.wp.com\/www.didal.com\/web\/wp-content\/uploads\/2019\/12\/project0155.png?resize=640%2C298&amp;ssl=1 640w, https:\/\/i0.wp.com\/www.didal.com\/web\/wp-content\/uploads\/2019\/12\/project0155.png?w=1920&amp;ssl=1 1920w, https:\/\/i0.wp.com\/www.didal.com\/web\/wp-content\/uploads\/2019\/12\/project0155.png?w=1280&amp;ssl=1 1280w\" sizes=\"auto, (max-width: 640px) 100vw, 640px\" \/><\/a><\/figure>\n\n\n\n<figure class=\"wp-block-image size-large\"><a href=\"https:\/\/i0.wp.com\/www.didal.com\/web\/wp-content\/uploads\/2019\/12\/project0142.png?ssl=1\" target=\"_blank\" rel=\"noopener\"><img data-recalc-dims=\"1\" loading=\"lazy\" decoding=\"async\" width=\"640\" height=\"298\" data-id=\"188\" src=\"https:\/\/i0.wp.com\/www.didal.com\/web\/wp-content\/uploads\/2019\/12\/project0142.png?resize=640%2C298&#038;ssl=1\" alt=\"\" class=\"wp-image-188\" srcset=\"https:\/\/i0.wp.com\/www.didal.com\/web\/wp-content\/uploads\/2019\/12\/project0142.png?resize=1024%2C477&amp;ssl=1 1024w, https:\/\/i0.wp.com\/www.didal.com\/web\/wp-content\/uploads\/2019\/12\/project0142.png?resize=300%2C140&amp;ssl=1 300w, https:\/\/i0.wp.com\/www.didal.com\/web\/wp-content\/uploads\/2019\/12\/project0142.png?resize=768%2C358&amp;ssl=1 768w, https:\/\/i0.wp.com\/www.didal.com\/web\/wp-content\/uploads\/2019\/12\/project0142.png?resize=1536%2C715&amp;ssl=1 1536w, https:\/\/i0.wp.com\/www.didal.com\/web\/wp-content\/uploads\/2019\/12\/project0142.png?resize=1040%2C484&amp;ssl=1 1040w, https:\/\/i0.wp.com\/www.didal.com\/web\/wp-content\/uploads\/2019\/12\/project0142.png?resize=640%2C298&amp;ssl=1 640w, https:\/\/i0.wp.com\/www.didal.com\/web\/wp-content\/uploads\/2019\/12\/project0142.png?w=1920&amp;ssl=1 1920w, https:\/\/i0.wp.com\/www.didal.com\/web\/wp-content\/uploads\/2019\/12\/project0142.png?w=1280&amp;ssl=1 1280w\" sizes=\"auto, (max-width: 640px) 100vw, 640px\" \/><\/a><\/figure>\n\n\n\n<figure class=\"wp-block-image size-large\"><a href=\"https:\/\/i0.wp.com\/www.didal.com\/web\/wp-content\/uploads\/2019\/12\/project0110.png?ssl=1\" target=\"_blank\" rel=\"noopener\"><img data-recalc-dims=\"1\" loading=\"lazy\" decoding=\"async\" width=\"640\" height=\"298\" data-id=\"187\" src=\"https:\/\/i0.wp.com\/www.didal.com\/web\/wp-content\/uploads\/2019\/12\/project0110.png?resize=640%2C298&#038;ssl=1\" alt=\"\" class=\"wp-image-187\" srcset=\"https:\/\/i0.wp.com\/www.didal.com\/web\/wp-content\/uploads\/2019\/12\/project0110.png?resize=1024%2C477&amp;ssl=1 1024w, https:\/\/i0.wp.com\/www.didal.com\/web\/wp-content\/uploads\/2019\/12\/project0110.png?resize=300%2C140&amp;ssl=1 300w, https:\/\/i0.wp.com\/www.didal.com\/web\/wp-content\/uploads\/2019\/12\/project0110.png?resize=768%2C358&amp;ssl=1 768w, https:\/\/i0.wp.com\/www.didal.com\/web\/wp-content\/uploads\/2019\/12\/project0110.png?resize=1536%2C715&amp;ssl=1 1536w, https:\/\/i0.wp.com\/www.didal.com\/web\/wp-content\/uploads\/2019\/12\/project0110.png?resize=1040%2C484&amp;ssl=1 1040w, https:\/\/i0.wp.com\/www.didal.com\/web\/wp-content\/uploads\/2019\/12\/project0110.png?resize=640%2C298&amp;ssl=1 640w, https:\/\/i0.wp.com\/www.didal.com\/web\/wp-content\/uploads\/2019\/12\/project0110.png?w=1920&amp;ssl=1 1920w, https:\/\/i0.wp.com\/www.didal.com\/web\/wp-content\/uploads\/2019\/12\/project0110.png?w=1280&amp;ssl=1 1280w\" sizes=\"auto, (max-width: 640px) 100vw, 640px\" \/><\/a><\/figure>\n\n\n\n<figure class=\"wp-block-image size-large\"><a href=\"https:\/\/i0.wp.com\/www.didal.com\/web\/wp-content\/uploads\/2019\/12\/project0099.png?ssl=1\" target=\"_blank\" rel=\"noopener\"><img data-recalc-dims=\"1\" loading=\"lazy\" decoding=\"async\" width=\"640\" height=\"298\" data-id=\"167\" src=\"https:\/\/i0.wp.com\/www.didal.com\/web\/wp-content\/uploads\/2019\/12\/project0099.png?resize=640%2C298&#038;ssl=1\" alt=\"\" class=\"wp-image-167\" srcset=\"https:\/\/i0.wp.com\/www.didal.com\/web\/wp-content\/uploads\/2019\/12\/project0099.png?resize=1024%2C477&amp;ssl=1 1024w, https:\/\/i0.wp.com\/www.didal.com\/web\/wp-content\/uploads\/2019\/12\/project0099.png?resize=300%2C140&amp;ssl=1 300w, https:\/\/i0.wp.com\/www.didal.com\/web\/wp-content\/uploads\/2019\/12\/project0099.png?resize=768%2C358&amp;ssl=1 768w, https:\/\/i0.wp.com\/www.didal.com\/web\/wp-content\/uploads\/2019\/12\/project0099.png?resize=1536%2C715&amp;ssl=1 1536w, https:\/\/i0.wp.com\/www.didal.com\/web\/wp-content\/uploads\/2019\/12\/project0099.png?resize=1040%2C484&amp;ssl=1 1040w, https:\/\/i0.wp.com\/www.didal.com\/web\/wp-content\/uploads\/2019\/12\/project0099.png?resize=640%2C298&amp;ssl=1 640w, https:\/\/i0.wp.com\/www.didal.com\/web\/wp-content\/uploads\/2019\/12\/project0099.png?w=1920&amp;ssl=1 1920w, https:\/\/i0.wp.com\/www.didal.com\/web\/wp-content\/uploads\/2019\/12\/project0099.png?w=1280&amp;ssl=1 1280w\" sizes=\"auto, (max-width: 640px) 100vw, 640px\" \/><\/a><\/figure>\n\n\n\n<figure class=\"wp-block-image size-large\"><a href=\"https:\/\/i0.wp.com\/www.didal.com\/web\/wp-content\/uploads\/2019\/12\/project0164.png?ssl=1\" target=\"_blank\" rel=\"noopener\"><img data-recalc-dims=\"1\" loading=\"lazy\" decoding=\"async\" width=\"640\" height=\"298\" data-id=\"165\" src=\"https:\/\/i0.wp.com\/www.didal.com\/web\/wp-content\/uploads\/2019\/12\/project0164.png?resize=640%2C298&#038;ssl=1\" alt=\"\" class=\"wp-image-165\" srcset=\"https:\/\/i0.wp.com\/www.didal.com\/web\/wp-content\/uploads\/2019\/12\/project0164.png?resize=1024%2C477&amp;ssl=1 1024w, https:\/\/i0.wp.com\/www.didal.com\/web\/wp-content\/uploads\/2019\/12\/project0164.png?resize=300%2C140&amp;ssl=1 300w, https:\/\/i0.wp.com\/www.didal.com\/web\/wp-content\/uploads\/2019\/12\/project0164.png?resize=768%2C358&amp;ssl=1 768w, https:\/\/i0.wp.com\/www.didal.com\/web\/wp-content\/uploads\/2019\/12\/project0164.png?resize=1536%2C715&amp;ssl=1 1536w, https:\/\/i0.wp.com\/www.didal.com\/web\/wp-content\/uploads\/2019\/12\/project0164.png?resize=1040%2C484&amp;ssl=1 1040w, https:\/\/i0.wp.com\/www.didal.com\/web\/wp-content\/uploads\/2019\/12\/project0164.png?resize=640%2C298&amp;ssl=1 640w, https:\/\/i0.wp.com\/www.didal.com\/web\/wp-content\/uploads\/2019\/12\/project0164.png?w=1920&amp;ssl=1 1920w, https:\/\/i0.wp.com\/www.didal.com\/web\/wp-content\/uploads\/2019\/12\/project0164.png?w=1280&amp;ssl=1 1280w\" sizes=\"auto, (max-width: 640px) 100vw, 640px\" \/><\/a><\/figure>\n\n\n\n<figure class=\"wp-block-image size-large\"><a href=\"https:\/\/i0.wp.com\/www.didal.com\/web\/wp-content\/uploads\/2019\/12\/project0148.png?ssl=1\" target=\"_blank\" rel=\"noopener\"><img data-recalc-dims=\"1\" loading=\"lazy\" decoding=\"async\" width=\"640\" height=\"298\" data-id=\"164\" src=\"https:\/\/i0.wp.com\/www.didal.com\/web\/wp-content\/uploads\/2019\/12\/project0148.png?resize=640%2C298&#038;ssl=1\" alt=\"\" class=\"wp-image-164\" srcset=\"https:\/\/i0.wp.com\/www.didal.com\/web\/wp-content\/uploads\/2019\/12\/project0148.png?resize=1024%2C477&amp;ssl=1 1024w, https:\/\/i0.wp.com\/www.didal.com\/web\/wp-content\/uploads\/2019\/12\/project0148.png?resize=300%2C140&amp;ssl=1 300w, https:\/\/i0.wp.com\/www.didal.com\/web\/wp-content\/uploads\/2019\/12\/project0148.png?resize=768%2C358&amp;ssl=1 768w, https:\/\/i0.wp.com\/www.didal.com\/web\/wp-content\/uploads\/2019\/12\/project0148.png?resize=1536%2C715&amp;ssl=1 1536w, https:\/\/i0.wp.com\/www.didal.com\/web\/wp-content\/uploads\/2019\/12\/project0148.png?resize=1040%2C484&amp;ssl=1 1040w, https:\/\/i0.wp.com\/www.didal.com\/web\/wp-content\/uploads\/2019\/12\/project0148.png?resize=640%2C298&amp;ssl=1 640w, https:\/\/i0.wp.com\/www.didal.com\/web\/wp-content\/uploads\/2019\/12\/project0148.png?w=1920&amp;ssl=1 1920w, https:\/\/i0.wp.com\/www.didal.com\/web\/wp-content\/uploads\/2019\/12\/project0148.png?w=1280&amp;ssl=1 1280w\" sizes=\"auto, (max-width: 640px) 100vw, 640px\" \/><\/a><\/figure>\n\n\n\n<figure class=\"wp-block-image size-large\"><a href=\"https:\/\/i0.wp.com\/www.didal.com\/web\/wp-content\/uploads\/2019\/12\/project0092.png?ssl=1\" target=\"_blank\" rel=\"noopener\"><img data-recalc-dims=\"1\" loading=\"lazy\" decoding=\"async\" width=\"640\" height=\"298\" data-id=\"163\" src=\"https:\/\/i0.wp.com\/www.didal.com\/web\/wp-content\/uploads\/2019\/12\/project0092.png?resize=640%2C298&#038;ssl=1\" alt=\"\" class=\"wp-image-163\" srcset=\"https:\/\/i0.wp.com\/www.didal.com\/web\/wp-content\/uploads\/2019\/12\/project0092.png?resize=1024%2C477&amp;ssl=1 1024w, https:\/\/i0.wp.com\/www.didal.com\/web\/wp-content\/uploads\/2019\/12\/project0092.png?resize=300%2C140&amp;ssl=1 300w, https:\/\/i0.wp.com\/www.didal.com\/web\/wp-content\/uploads\/2019\/12\/project0092.png?resize=768%2C358&amp;ssl=1 768w, https:\/\/i0.wp.com\/www.didal.com\/web\/wp-content\/uploads\/2019\/12\/project0092.png?resize=1536%2C715&amp;ssl=1 1536w, https:\/\/i0.wp.com\/www.didal.com\/web\/wp-content\/uploads\/2019\/12\/project0092.png?resize=1040%2C484&amp;ssl=1 1040w, https:\/\/i0.wp.com\/www.didal.com\/web\/wp-content\/uploads\/2019\/12\/project0092.png?resize=640%2C298&amp;ssl=1 640w, https:\/\/i0.wp.com\/www.didal.com\/web\/wp-content\/uploads\/2019\/12\/project0092.png?w=1920&amp;ssl=1 1920w, https:\/\/i0.wp.com\/www.didal.com\/web\/wp-content\/uploads\/2019\/12\/project0092.png?w=1280&amp;ssl=1 1280w\" sizes=\"auto, (max-width: 640px) 100vw, 640px\" \/><\/a><\/figure>\n\n\n\n<figure class=\"wp-block-image size-large\"><a href=\"https:\/\/i0.wp.com\/www.didal.com\/web\/wp-content\/uploads\/2019\/12\/project0157.png?ssl=1\" target=\"_blank\" rel=\"noopener\"><img data-recalc-dims=\"1\" loading=\"lazy\" decoding=\"async\" width=\"640\" height=\"298\" data-id=\"161\" src=\"https:\/\/i0.wp.com\/www.didal.com\/web\/wp-content\/uploads\/2019\/12\/project0157.png?resize=640%2C298&#038;ssl=1\" alt=\"\" class=\"wp-image-161\" srcset=\"https:\/\/i0.wp.com\/www.didal.com\/web\/wp-content\/uploads\/2019\/12\/project0157.png?resize=1024%2C477&amp;ssl=1 1024w, https:\/\/i0.wp.com\/www.didal.com\/web\/wp-content\/uploads\/2019\/12\/project0157.png?resize=300%2C140&amp;ssl=1 300w, https:\/\/i0.wp.com\/www.didal.com\/web\/wp-content\/uploads\/2019\/12\/project0157.png?resize=768%2C358&amp;ssl=1 768w, https:\/\/i0.wp.com\/www.didal.com\/web\/wp-content\/uploads\/2019\/12\/project0157.png?resize=1536%2C715&amp;ssl=1 1536w, https:\/\/i0.wp.com\/www.didal.com\/web\/wp-content\/uploads\/2019\/12\/project0157.png?resize=1040%2C484&amp;ssl=1 1040w, https:\/\/i0.wp.com\/www.didal.com\/web\/wp-content\/uploads\/2019\/12\/project0157.png?resize=640%2C298&amp;ssl=1 640w, https:\/\/i0.wp.com\/www.didal.com\/web\/wp-content\/uploads\/2019\/12\/project0157.png?w=1920&amp;ssl=1 1920w, https:\/\/i0.wp.com\/www.didal.com\/web\/wp-content\/uploads\/2019\/12\/project0157.png?w=1280&amp;ssl=1 1280w\" sizes=\"auto, (max-width: 640px) 100vw, 640px\" \/><\/a><\/figure>\n<\/figure>\n\n\n\n<p>si quieres m\u00e1s, no dudes en contactar con nosotros, vendremos a verte y encotraremos la mejor soluci\u00f3n para tu necesidad.<\/p>\n\n\n<div class=\"wp-block-jetpack-contact-form is-layout-flex wp-container-jetpack-contact-form-is-layout-faa3ad1c wp-block-jetpack-contact-form-is-layout-flex\"><a href=\"https:\/\/www.didal.com\/en\/estudio-soluciones-web\/\" target=\"_blank\" rel=\"noopener noreferrer\">Submit a form.<\/a><\/div>","protected":false},"excerpt":{"rendered":"<p>llevamos m\u00e1s de 20 a\u00f1os creando espacios web interactivos, en nuestro estudio de soluciones web, hemos germinado proyectos grandes y&#8230;<\/p>\n","protected":false},"author":1,"featured_media":0,"parent":0,"menu_order":0,"comment_status":"closed","ping_status":"closed","template":"template-centered.php","meta":{"_monsterinsights_skip_tracking":false,"_monsterinsights_sitenote_active":false,"_monsterinsights_sitenote_note":"","_monsterinsights_sitenote_category":0,"_links_to":"","_links_to_type":0,"footnotes":""},"class_list":["post-16","page","type-page","status-publish","hentry","post-archive"],"aioseo_notices":[],"jetpack_sharing_enabled":true,"jetpack_likes_enabled":true,"_links":{"self":[{"href":"https:\/\/www.didal.com\/en\/wp-json\/wp\/v2\/pages\/16","targetHints":{"allow":["GET"]}}],"collection":[{"href":"https:\/\/www.didal.com\/en\/wp-json\/wp\/v2\/pages"}],"about":[{"href":"https:\/\/www.didal.com\/en\/wp-json\/wp\/v2\/types\/page"}],"author":[{"embeddable":true,"href":"https:\/\/www.didal.com\/en\/wp-json\/wp\/v2\/users\/1"}],"replies":[{"embeddable":true,"href":"https:\/\/www.didal.com\/en\/wp-json\/wp\/v2\/comments?post=16"}],"version-history":[{"count":53,"href":"https:\/\/www.didal.com\/en\/wp-json\/wp\/v2\/pages\/16\/revisions"}],"predecessor-version":[{"id":8593,"href":"https:\/\/www.didal.com\/en\/wp-json\/wp\/v2\/pages\/16\/revisions\/8593"}],"wp:attachment":[{"href":"https:\/\/www.didal.com\/en\/wp-json\/wp\/v2\/media?parent=16"}],"curies":[{"name":"wp","href":"https:\/\/api.w.org\/{rel}","templated":true}]}}