{"id":282,"date":"2019-12-29T11:55:29","date_gmt":"2019-12-29T10:55:29","guid":{"rendered":"https:\/\/www.didal.com\/web\/?page_id=282"},"modified":"2024-10-12T19:25:04","modified_gmt":"2024-10-12T17:25:04","slug":"web-actualitzada-segura","status":"publish","type":"page","link":"https:\/\/www.didal.com\/en\/web-actualitzada-segura\/","title":{"rendered":"mejorar"},"content":{"rendered":"\n<div class=\"wp-block-columns is-layout-flex wp-container-core-columns-is-layout-9d6595d7 wp-block-columns-is-layout-flex\">\n<div class=\"wp-block-column is-layout-flow wp-block-column-is-layout-flow\">\n<figure class=\"wp-block-image size-large\"><img data-recalc-dims=\"1\" loading=\"lazy\" decoding=\"async\" width=\"400\" height=\"600\" src=\"https:\/\/i0.wp.com\/www.didal.com\/web\/wp-content\/uploads\/2019\/12\/pincel.jpg?resize=400%2C600&#038;ssl=1\" alt=\"web actualizada segura y restaurada\" class=\"wp-image-287\" srcset=\"https:\/\/i0.wp.com\/www.didal.com\/web\/wp-content\/uploads\/2019\/12\/pincel.jpg?w=400&amp;ssl=1 400w, https:\/\/i0.wp.com\/www.didal.com\/web\/wp-content\/uploads\/2019\/12\/pincel.jpg?resize=200%2C300&amp;ssl=1 200w\" sizes=\"auto, (max-width: 400px) 100vw, 400px\" \/><\/figure>\n<\/div>\n\n\n\n<div class=\"wp-block-column is-layout-flow wp-block-column-is-layout-flow\">\n<p>debes mantener tu aplicaci\u00f3n web actualizada y segura.<\/p>\n\n\n\n<p>especialmente para limitar las posibles  vulnerabilidades i garantizar la integridad de los datos con los que  trabajas.<\/p>\n\n\n\n<p>por esta raz\u00f3n, hemos puesto a prueba las nuevas versiones 8 de <a href=\"https:\/\/www.php.net\/\" target=\"_blank\" rel=\"noreferrer noopener\">PHP<\/a> y 8 de <a href=\"https:\/\/www.mysql.com\" target=\"_blank\" rel=\"noreferrer noopener\">Mysql<\/a>, y los resultados mejoran sustancialmente el rendimiento y la seguridad de los entornos web.<\/p>\n\n\n\n<p>sin embargo si tu aplicaci\u00f3n fue programada hace m\u00e1s de dos a\u00f1os,  probablemente requerir\u00e1 de una adaptaci\u00f3n. <\/p>\n<\/div>\n<\/div>\n\n\n\n<p>por todo ello, nosotros disponemos de un <a href=\"https:\/\/www.didal.com\/web\/estudio-soluciones-web\">equipo<\/a> de profesionales con experiencia.<\/p>\n\n\n\n<p>y por esta raz\u00f3n, podemos entender tu aplicaci\u00f3n y adaptarla a las nuevas versiones de servidor y navegadores.<\/p>\n\n\n\n<h2 class=\"wp-block-heading\">lo tenemos todo preparado para dejar tu web actualizada y segura.<\/h2>\n\n\n<div class=\"wp-block-jetpack-contact-form is-layout-flex wp-container-jetpack-contact-form-is-layout-faa3ad1c wp-block-jetpack-contact-form-is-layout-flex\"><a href=\"https:\/\/www.didal.com\/en\/web-actualitzada-segura\/\" target=\"_blank\" rel=\"noopener noreferrer\">Submit a form.<\/a><\/div>","protected":false},"excerpt":{"rendered":"<p>debes mantener tu aplicaci\u00f3n web actualizada y segura. especialmente para limitar las posibles vulnerabilidades i garantizar la integridad de los&#8230;<\/p>\n","protected":false},"author":1,"featured_media":0,"parent":0,"menu_order":0,"comment_status":"closed","ping_status":"closed","template":"","meta":{"_monsterinsights_skip_tracking":false,"_monsterinsights_sitenote_active":false,"_monsterinsights_sitenote_note":"","_monsterinsights_sitenote_category":0,"_links_to":"","_links_to_type":0,"footnotes":""},"class_list":["post-282","page","type-page","status-publish","hentry","post-archive"],"aioseo_notices":[],"jetpack_sharing_enabled":true,"jetpack_likes_enabled":true,"_links":{"self":[{"href":"https:\/\/www.didal.com\/en\/wp-json\/wp\/v2\/pages\/282","targetHints":{"allow":["GET"]}}],"collection":[{"href":"https:\/\/www.didal.com\/en\/wp-json\/wp\/v2\/pages"}],"about":[{"href":"https:\/\/www.didal.com\/en\/wp-json\/wp\/v2\/types\/page"}],"author":[{"embeddable":true,"href":"https:\/\/www.didal.com\/en\/wp-json\/wp\/v2\/users\/1"}],"replies":[{"embeddable":true,"href":"https:\/\/www.didal.com\/en\/wp-json\/wp\/v2\/comments?post=282"}],"version-history":[{"count":32,"href":"https:\/\/www.didal.com\/en\/wp-json\/wp\/v2\/pages\/282\/revisions"}],"predecessor-version":[{"id":8603,"href":"https:\/\/www.didal.com\/en\/wp-json\/wp\/v2\/pages\/282\/revisions\/8603"}],"wp:attachment":[{"href":"https:\/\/www.didal.com\/en\/wp-json\/wp\/v2\/media?parent=282"}],"curies":[{"name":"wp","href":"https:\/\/api.w.org\/{rel}","templated":true}]}}