{"id":323,"date":"2019-12-29T20:58:07","date_gmt":"2019-12-29T19:58:07","guid":{"rendered":"https:\/\/www.didal.com\/web\/?page_id=323"},"modified":"2022-07-20T20:43:08","modified_gmt":"2022-07-20T18:43:08","slug":"php","status":"publish","type":"page","link":"https:\/\/www.didal.com\/en\/php\/","title":{"rendered":"php"},"content":{"rendered":"\n<p>utilizamos php 7 para el desarrollo de nuestros <a href=\"https:\/\/www.didal.com\/web\/diseno-web\/\">espacios interactivos<\/a>.<\/p>\n\n\n\n<p>este es uno de los lenguajes de programaci\u00f3n m\u00e1s flexible, potente y de alto rendimiento que existe, avalado como una herramienta de <a rel=\"noreferrer noopener\" aria-label=\"software libre (se abre en una nueva pesta\u00f1a)\" href=\"https:\/\/es.wikipedia.org\/wiki\/Software_libre\" target=\"_blank\">software libre<\/a>.<\/p>\n\n\n\n<p>la principal vetaja de este lenguaje es que puede funcionar en cualquier servidor web y su extensa comunidad de desarrollo ofrece una gran seguridad para mantenerse en el futuro.<\/p>\n\n\n\n<p>una vez terminado el proyecto, el c\u00f3digo fuente quedara abierto y a disposici\u00f3n de la empresa solicitante. <\/p>\n\n\n\n<div class=\"wp-block-image\"><figure class=\"aligncenter size-large\"><img data-recalc-dims=\"1\" loading=\"lazy\" decoding=\"async\" width=\"400\" height=\"100\" src=\"https:\/\/i0.wp.com\/www.didal.com\/web\/wp-content\/uploads\/2019\/12\/php_mysql.png?resize=400%2C100&#038;ssl=1\" alt=\"php mysql\" class=\"wp-image-214\" srcset=\"https:\/\/i0.wp.com\/www.didal.com\/web\/wp-content\/uploads\/2019\/12\/php_mysql.png?w=400&amp;ssl=1 400w, https:\/\/i0.wp.com\/www.didal.com\/web\/wp-content\/uploads\/2019\/12\/php_mysql.png?resize=300%2C75&amp;ssl=1 300w\" sizes=\"auto, (max-width: 400px) 100vw, 400px\" \/><\/figure><\/div>\n\n\n\n<p>la alianza perfecta para PHP es un gestor de base de datos relacional.<\/p>\n\n\n\n<p>nosotros utilizamos <a rel=\"noreferrer noopener\" aria-label=\"MySql 8 (se abre en una nueva pesta\u00f1a)\" href=\"https:\/\/www.mysql.com\/\" target=\"_blank\">MySql 8<\/a>, esta herramienta es gratuita,  y la m\u00e1s popular de las que existen en el mercado, actualmente propiedad de <a rel=\"noreferrer noopener\" aria-label=\"oracle (se abre en una nueva pesta\u00f1a)\" href=\"https:\/\/www.oracle.com\" target=\"_blank\">oracle<\/a>.<\/p>\n\n\n\n<p>es un sistema muy r\u00e1pido en la lectura de informaci\u00f3n, mediante su motor no transaccional MyIsam.<\/p>\n\n\n\n<p>est\u00e1 contrastado su alto nivel de seguridad, mediante verificaci\u00f3n basada en host, el tr\u00e1fico de contrase\u00f1as se realiza de forma cifrada en el momento de conectar en el servidor.<\/p>\n","protected":false},"excerpt":{"rendered":"<p>utilizamos php 7 para el desarrollo de nuestros espacios interactivos. este es uno de los lenguajes de programaci\u00f3n m\u00e1s flexible,&#8230;<\/p>\n","protected":false},"author":1,"featured_media":0,"parent":0,"menu_order":0,"comment_status":"closed","ping_status":"closed","template":"","meta":{"_monsterinsights_skip_tracking":false,"_monsterinsights_sitenote_active":false,"_monsterinsights_sitenote_note":"","_monsterinsights_sitenote_category":0,"_links_to":"","_links_to_type":0,"footnotes":""},"class_list":["post-323","page","type-page","status-publish","hentry","post-archive"],"aioseo_notices":[],"jetpack_sharing_enabled":true,"jetpack_likes_enabled":true,"_links":{"self":[{"href":"https:\/\/www.didal.com\/en\/wp-json\/wp\/v2\/pages\/323","targetHints":{"allow":["GET"]}}],"collection":[{"href":"https:\/\/www.didal.com\/en\/wp-json\/wp\/v2\/pages"}],"about":[{"href":"https:\/\/www.didal.com\/en\/wp-json\/wp\/v2\/types\/page"}],"author":[{"embeddable":true,"href":"https:\/\/www.didal.com\/en\/wp-json\/wp\/v2\/users\/1"}],"replies":[{"embeddable":true,"href":"https:\/\/www.didal.com\/en\/wp-json\/wp\/v2\/comments?post=323"}],"version-history":[{"count":11,"href":"https:\/\/www.didal.com\/en\/wp-json\/wp\/v2\/pages\/323\/revisions"}],"predecessor-version":[{"id":791,"href":"https:\/\/www.didal.com\/en\/wp-json\/wp\/v2\/pages\/323\/revisions\/791"}],"wp:attachment":[{"href":"https:\/\/www.didal.com\/en\/wp-json\/wp\/v2\/media?parent=323"}],"curies":[{"name":"wp","href":"https:\/\/api.w.org\/{rel}","templated":true}]}}