{"id":328,"date":"2019-12-29T21:09:06","date_gmt":"2019-12-29T20:09:06","guid":{"rendered":"https:\/\/www.didal.com\/web\/?page_id=328"},"modified":"2022-07-20T20:44:19","modified_gmt":"2022-07-20T18:44:19","slug":"wordpress","status":"publish","type":"page","link":"https:\/\/www.didal.com\/en\/wordpress\/","title":{"rendered":"wordpress"},"content":{"rendered":"\n<p>wordpress es un software de c\u00f3digo abierto, trabaja mediante plantillas predise\u00f1adas.<\/p>\n\n\n\n<p>del mismo modo permite actualizar los contenidos y la fotograf\u00edas de forma f\u00e1cil y r\u00e1pida.<\/p>\n\n\n\n<p>adem\u00e1s es una herramienta que se utiliza en los mejores sites del mundo y que tiene una extensa comunidad de soporte.<\/p>\n\n\n\n<p>todo ello se convina con un <a href=\"https:\/\/www.didal.com\/web\/web-actualizada-segura\/\">alto nivel de seguridad<\/a>, con actualizaciones peri\u00f3dicas y la posibilidad de activar un servicio anti-spam y c\u00f3pias de seguridad.<\/p>\n\n\n\n<div class=\"wp-block-image\"><figure class=\"aligncenter size-large\"><a href=\"https:\/\/es.wordpress.com\" target=\"_blank\" rel=\"noreferrer noopener\"><img data-recalc-dims=\"1\" loading=\"lazy\" decoding=\"async\" width=\"300\" height=\"68\" src=\"https:\/\/i0.wp.com\/www.didal.com\/web\/wp-content\/uploads\/2019\/12\/logo_wordpress.png?resize=300%2C68&#038;ssl=1\" alt=\"wordpress\" class=\"wp-image-197\"\/><\/a><\/figure><\/div>\n\n\n\n<p>en nuestros proyectos wordpress personalizamos la interfaz auto-editable, adaptandola a la imagen corporativa de tu empresa.<\/p>\n\n\n\n<p>para ello, retocamos  las imagenes que nos facilitas en un formato adecuado al sitio d\u00f3nde aparezcan de la p\u00e1gina.<\/p>\n\n\n\n<p>y seguidamente le damos un formato que permita su f\u00e1cil edici\u00f3n (archivos en formato vectorial o archivos bitmap con una correcta resoluci\u00f3n).<\/p>\n","protected":false},"excerpt":{"rendered":"<p>wordpress es un software de c\u00f3digo abierto, trabaja mediante plantillas predise\u00f1adas. del mismo modo permite actualizar los contenidos y la&#8230;<\/p>\n","protected":false},"author":1,"featured_media":0,"parent":0,"menu_order":0,"comment_status":"closed","ping_status":"closed","template":"","meta":{"_monsterinsights_skip_tracking":false,"_monsterinsights_sitenote_active":false,"_monsterinsights_sitenote_note":"","_monsterinsights_sitenote_category":0,"_links_to":"","_links_to_type":0,"footnotes":""},"class_list":["post-328","page","type-page","status-publish","hentry","post-archive"],"aioseo_notices":[],"jetpack_sharing_enabled":true,"jetpack_likes_enabled":true,"_links":{"self":[{"href":"https:\/\/www.didal.com\/en\/wp-json\/wp\/v2\/pages\/328","targetHints":{"allow":["GET"]}}],"collection":[{"href":"https:\/\/www.didal.com\/en\/wp-json\/wp\/v2\/pages"}],"about":[{"href":"https:\/\/www.didal.com\/en\/wp-json\/wp\/v2\/types\/page"}],"author":[{"embeddable":true,"href":"https:\/\/www.didal.com\/en\/wp-json\/wp\/v2\/users\/1"}],"replies":[{"embeddable":true,"href":"https:\/\/www.didal.com\/en\/wp-json\/wp\/v2\/comments?post=328"}],"version-history":[{"count":6,"href":"https:\/\/www.didal.com\/en\/wp-json\/wp\/v2\/pages\/328\/revisions"}],"predecessor-version":[{"id":793,"href":"https:\/\/www.didal.com\/en\/wp-json\/wp\/v2\/pages\/328\/revisions\/793"}],"wp:attachment":[{"href":"https:\/\/www.didal.com\/en\/wp-json\/wp\/v2\/media?parent=328"}],"curies":[{"name":"wp","href":"https:\/\/api.w.org\/{rel}","templated":true}]}}