{"id":338,"date":"2019-12-29T22:19:32","date_gmt":"2019-12-29T21:19:32","guid":{"rendered":"https:\/\/www.didal.com\/web\/?page_id=338"},"modified":"2022-07-20T20:38:52","modified_gmt":"2022-07-20T18:38:52","slug":"hosting","status":"publish","type":"page","link":"https:\/\/www.didal.com\/en\/hosting\/","title":{"rendered":"hosting"},"content":{"rendered":"\n<p>para tener un hosting, primero necestiamos un nombre de dominio, que \u00e9s la direcci\u00f3n que se escribe en la barra de direcciones del navegador para acceder a un <a href=\"https:\/\/www.didal.com\/web\/diseno-web\/\">sitio web<\/a> espec\u00edfico.<\/p>\n\n\n\n<p>la elecci\u00f3n de un <a rel=\"noreferrer noopener\" aria-label=\"dominio (se abre en una nueva pesta\u00f1a)\" href=\"https:\/\/es.wikipedia.org\/wiki\/Dominio_de_Internet\" target=\"_blank\">dominio<\/a> es una decisi\u00f3n estrat\u00e9gica y puede ser de las m\u00e1s importantes y que m\u00e1s perduraran en el tiempo, d\u00e9janos que te acompa\u00f1emos en la resoluci\u00f3n.<\/p>\n\n\n\n<p>si haces tu p\u00e1gina web con nosotros,  por s\u00f3lo 10\u20ac + iva al a\u00f1o tendr\u00e1s a tu disposici\u00f3n las extensiones m\u00e1s  comunes: .com .org .net y por 25\u20ac + iva al a\u00f1o las de tipo: .es .cat , pero tambi\u00e9n ponemos a tu disposici\u00f3n otras m\u00e1s de 1.000 extensiones de dominio (<a rel=\"noreferrer noopener\" aria-label=\"TLDs (se abre en una nueva pesta\u00f1a)\" href=\"https:\/\/archive.icann.org\/en\/tlds\/\" target=\"_blank\">TLDs<\/a>) y m\u00e1s de 1.300 de las nuevas extensiones (<a rel=\"noreferrer noopener\" aria-label=\"gTLD (se abre en una nueva pesta\u00f1a)\" href=\"https:\/\/newgtlds.icann.org\/en\/about\/program\" target=\"_blank\">gTLD<\/a>).<\/p>\n\n\n\n<div class=\"wp-block-image\"><figure class=\"aligncenter size-large\"><a href=\"https:\/\/www.icann.org\/es\" target=\"_blank\" rel=\"noreferrer noopener\"><img data-recalc-dims=\"1\" loading=\"lazy\" decoding=\"async\" width=\"220\" height=\"60\" src=\"https:\/\/i0.wp.com\/www.didal.com\/web\/wp-content\/uploads\/2019\/12\/icann.png?resize=220%2C60&#038;ssl=1\" alt=\"hosting, dominios y certificados SSL a disposici\u00f3n de nuestros clientes\" class=\"wp-image-339\"\/><\/a><\/figure><\/div>\n\n\n\n<p>el hostalaje web o hosting, es un servicio de servidores en red d\u00f3nde podemos poner tu <a href=\"https:\/\/www.didal.com\/web\/diseno-web\/\">p\u00e1gina web<\/a> para que est\u00e9 disponible para todo el mundo, las 24h los 365 d\u00edas del a\u00f1o.<\/p>\n\n\n\n<p>trabajamos con el proveedor de  Cloud Computing  m\u00e1s grande de espa\u00f1a que forma parte de <a rel=\"noreferrer noopener\" aria-label=\"united internet (se abre en una nueva pesta\u00f1a)\" href=\"https:\/\/www.united-internet.de\/en\/company.html\" target=\"_blank\">united internet<\/a> la mayor compa\u00f1\u00eda europea del sector.<\/p>\n\n\n\n<p>para nuestros clientes disponemos de servicio de hosting, en servidor compartido, por 85\u20ac+iva al a\u00f1o, que comprende un servicio mensual de 2GB de <a rel=\"noreferrer noopener\" aria-label=\"tr\u00e1fico (se abre en una nueva pesta\u00f1a)\" href=\"https:\/\/es.wikipedia.org\/wiki\/Tr%C3%A1fico_web\" target=\"_blank\">tr\u00e1fico<\/a>, 500MB de espacio en disco <a rel=\"noreferrer noopener\" aria-label=\"SSD (se abre en una nueva pesta\u00f1a)\" href=\"https:\/\/es.wikipedia.org\/wiki\/Unidad_de_estado_s%C3%B3lido\" target=\"_blank\">SSD<\/a>, 30 cuentas de correo, antivirus mailserver , servicio <a rel=\"noreferrer noopener\" aria-label=\" (se abre en una nueva pesta\u00f1a)\" href=\"https:\/\/es.wikipedia.org\/wiki\/Protocolo_de_transferencia_de_archivos\" target=\"_blank\">FTP<\/a> y <a rel=\"noreferrer noopener\" aria-label=\"MySql (se abre en una nueva pesta\u00f1a)\" href=\"https:\/\/es.wikipedia.org\/wiki\/MySQL\" target=\"_blank\">MySql<\/a>.<\/p>\n\n\n\n<p>para proyectos de altas necesidades en recursos puedes contratar un servidor <a rel=\"noreferrer noopener\" aria-label=\"CLOUD (se abre en una nueva pesta\u00f1a)\" href=\"https:\/\/es.wikipedia.org\/wiki\/Computaci%C3%B3n_en_la_nube\" target=\"_blank\">CLOUD<\/a> gestionado pr\u00f3pio, este servicio es escalable a partir de 1<a rel=\"noreferrer noopener\" aria-label=\"CPU (se abre en una nueva pesta\u00f1a)\" href=\"https:\/\/es.wikipedia.org\/wiki\/Unidad_central_de_procesamiento\" target=\"_blank\">CPU<\/a>, 1GB <a rel=\"noreferrer noopener\" aria-label=\"RAM (se abre en una nueva pesta\u00f1a)\" href=\"https:\/\/es.wikipedia.org\/wiki\/Unidad_central_de_procesamiento\" target=\"_blank\">RAM<\/a> y 40GB de disco <a rel=\"noreferrer noopener\" aria-label=\"SSD (se abre en una nueva pesta\u00f1a)\" href=\"https:\/\/es.wikipedia.org\/wiki\/Unidad_de_estado_s%C3%B3lido\" target=\"_blank\">SSD<\/a>, podemos ofrecer a nuestros clientes esta configuraci\u00f3n por 35\u20ac+iva al mes.<\/p>\n\n\n\n<h3 class=\"wp-block-heading\">certificado SSL para HTTPS<\/h3>\n\n\n\n<p>ultimamente, se ha implementado el sistema de certificado <a href=\"https:\/\/www.didal.com\/web\/certificados-ssl-https\/\">SSL<\/a> para HTTPS, cuya funci\u00f3n principal \u00e9s impedir la suplantaci\u00f3n de identidad en una <a href=\"https:\/\/www.didal.com\/web\/diseno-web\/\">p\u00e1gina web<\/a>. <\/p>\n\n\n\n<p>si quieres mejorar el posicionamiento en buscadores necesitar\u00e1s uno, accede a nuestro <a href=\"https:\/\/www.didal.com\/web\/certificados-ssl-https\/\">apartado web<\/a> para conocer que tipos hay y que precios tenemos para ti.<\/p>\n","protected":false},"excerpt":{"rendered":"<p>para tener un hosting, primero necestiamos un nombre de dominio, que \u00e9s la direcci\u00f3n que se escribe en la barra&#8230;<\/p>\n","protected":false},"author":1,"featured_media":0,"parent":0,"menu_order":0,"comment_status":"closed","ping_status":"closed","template":"","meta":{"_monsterinsights_skip_tracking":false,"_monsterinsights_sitenote_active":false,"_monsterinsights_sitenote_note":"","_monsterinsights_sitenote_category":0,"_links_to":"","_links_to_type":0,"footnotes":""},"class_list":["post-338","page","type-page","status-publish","hentry","post-archive"],"aioseo_notices":[],"jetpack_sharing_enabled":true,"jetpack_likes_enabled":true,"_links":{"self":[{"href":"https:\/\/www.didal.com\/en\/wp-json\/wp\/v2\/pages\/338","targetHints":{"allow":["GET"]}}],"collection":[{"href":"https:\/\/www.didal.com\/en\/wp-json\/wp\/v2\/pages"}],"about":[{"href":"https:\/\/www.didal.com\/en\/wp-json\/wp\/v2\/types\/page"}],"author":[{"embeddable":true,"href":"https:\/\/www.didal.com\/en\/wp-json\/wp\/v2\/users\/1"}],"replies":[{"embeddable":true,"href":"https:\/\/www.didal.com\/en\/wp-json\/wp\/v2\/comments?post=338"}],"version-history":[{"count":29,"href":"https:\/\/www.didal.com\/en\/wp-json\/wp\/v2\/pages\/338\/revisions"}],"predecessor-version":[{"id":785,"href":"https:\/\/www.didal.com\/en\/wp-json\/wp\/v2\/pages\/338\/revisions\/785"}],"wp:attachment":[{"href":"https:\/\/www.didal.com\/en\/wp-json\/wp\/v2\/media?parent=338"}],"curies":[{"name":"wp","href":"https:\/\/api.w.org\/{rel}","templated":true}]}}