{"id":373,"date":"2019-12-30T13:48:51","date_gmt":"2019-12-30T12:48:51","guid":{"rendered":"https:\/\/www.didal.com\/web\/?page_id=373"},"modified":"2022-07-20T20:37:45","modified_gmt":"2022-07-20T18:37:45","slug":"certificados-ssl-https","status":"publish","type":"page","link":"https:\/\/www.didal.com\/en\/certificados-ssl-https\/","title":{"rendered":"certificado SSL para HTTPS"},"content":{"rendered":"\n<div class=\"wp-block-columns is-layout-flex wp-container-core-columns-is-layout-9d6595d7 wp-block-columns-is-layout-flex\">\n<div class=\"wp-block-column is-layout-flow wp-block-column-is-layout-flow\">\n<figure class=\"wp-block-image size-large\"><img data-recalc-dims=\"1\" loading=\"lazy\" decoding=\"async\" width=\"640\" height=\"406\" src=\"https:\/\/i0.wp.com\/www.didal.com\/web\/wp-content\/uploads\/2019\/12\/browsers-1.png?resize=640%2C406&#038;ssl=1\" alt=\"certificado SSL para HTTP en los principales navegadores web\" class=\"wp-image-353\" srcset=\"https:\/\/i0.wp.com\/www.didal.com\/web\/wp-content\/uploads\/2019\/12\/browsers-1.png?resize=1024%2C650&amp;ssl=1 1024w, https:\/\/i0.wp.com\/www.didal.com\/web\/wp-content\/uploads\/2019\/12\/browsers-1.png?resize=300%2C190&amp;ssl=1 300w, https:\/\/i0.wp.com\/www.didal.com\/web\/wp-content\/uploads\/2019\/12\/browsers-1.png?resize=768%2C488&amp;ssl=1 768w, https:\/\/i0.wp.com\/www.didal.com\/web\/wp-content\/uploads\/2019\/12\/browsers-1.png?resize=1040%2C660&amp;ssl=1 1040w, https:\/\/i0.wp.com\/www.didal.com\/web\/wp-content\/uploads\/2019\/12\/browsers-1.png?resize=640%2C406&amp;ssl=1 640w, https:\/\/i0.wp.com\/www.didal.com\/web\/wp-content\/uploads\/2019\/12\/browsers-1.png?w=1104&amp;ssl=1 1104w\" sizes=\"auto, (max-width: 640px) 100vw, 640px\" \/><\/figure>\n<\/div>\n\n\n\n<div class=\"wp-block-column is-layout-flow wp-block-column-is-layout-flow\">\n<p>ultimamente, se ha implementado el sistema de certificado <a rel=\"noreferrer noopener\" aria-label=\"SSL (se abre en una nueva pesta\u00f1a)\" href=\"https:\/\/es.wikipedia.org\/wiki\/Transport_Layer_Security\" target=\"_blank\">SSL<\/a> para HTTPS, cuya funci\u00f3n principal \u00e9s impedir la suplantaci\u00f3n de identidad en una <a href=\"https:\/\/www.didal.com\/web\/diseno-web\/\">p\u00e1gina web<\/a>.<\/p>\n<\/div>\n<\/div>\n\n\n\n<p>muchos navegadores impiden el acceso a las p\u00e1ginas que no disponen de https:\/\/<\/p>\n\n\n\n<p>si no dispones de certificado tambi\u00e9n se ve penalizado tu posicionamiento en los buscadores c\u00f3mo <a rel=\"noreferrer noopener\" aria-label=\"google (se abre en una nueva pesta\u00f1a)\" href=\"https:\/\/www.google.es\" target=\"_blank\">google<\/a>.<\/p>\n\n\n\n<figure class=\"wp-block-image size-medium\"><a href=\"https:\/\/ssl.comodo.com\/\" target=\"_blank\" rel=\"noreferrer noopener\"><img data-recalc-dims=\"1\" loading=\"lazy\" decoding=\"async\" width=\"300\" height=\"90\" src=\"https:\/\/i0.wp.com\/www.didal.com\/web\/wp-content\/uploads\/2019\/12\/logo_comodo.png?resize=300%2C90&#038;ssl=1\" alt=\"con comodo obtenemos un certificado SSL para HTTP\" class=\"wp-image-358\" srcset=\"https:\/\/i0.wp.com\/www.didal.com\/web\/wp-content\/uploads\/2019\/12\/logo_comodo.png?resize=300%2C90&amp;ssl=1 300w, https:\/\/i0.wp.com\/www.didal.com\/web\/wp-content\/uploads\/2019\/12\/logo_comodo.png?resize=1024%2C308&amp;ssl=1 1024w, https:\/\/i0.wp.com\/www.didal.com\/web\/wp-content\/uploads\/2019\/12\/logo_comodo.png?resize=768%2C231&amp;ssl=1 768w, https:\/\/i0.wp.com\/www.didal.com\/web\/wp-content\/uploads\/2019\/12\/logo_comodo.png?resize=1536%2C462&amp;ssl=1 1536w, https:\/\/i0.wp.com\/www.didal.com\/web\/wp-content\/uploads\/2019\/12\/logo_comodo.png?resize=2048%2C616&amp;ssl=1 2048w, https:\/\/i0.wp.com\/www.didal.com\/web\/wp-content\/uploads\/2019\/12\/logo_comodo.png?resize=1040%2C313&amp;ssl=1 1040w, https:\/\/i0.wp.com\/www.didal.com\/web\/wp-content\/uploads\/2019\/12\/logo_comodo.png?resize=640%2C192&amp;ssl=1 640w, https:\/\/i0.wp.com\/www.didal.com\/web\/wp-content\/uploads\/2019\/12\/logo_comodo.png?w=1280&amp;ssl=1 1280w, https:\/\/i0.wp.com\/www.didal.com\/web\/wp-content\/uploads\/2019\/12\/logo_comodo.png?w=1920&amp;ssl=1 1920w\" sizes=\"auto, (max-width: 300px) 100vw, 300px\" \/><\/a><\/figure>\n\n\n\n<p>nosotros trabajamos con la entidad de certificaci\u00f3n <a href=\"https:\/\/ssl.comodo.com\/\" target=\"_blank\" rel=\"noreferrer noopener\" aria-label=\"Comodo (se abre en una nueva pesta\u00f1a)\">Comodo<\/a>, l\u00edder mundial en soluciones de seguridad digital, con m\u00e1s de 100 millones de certificados en todo el mundo.<\/p>\n\n\n\n<p>siguiendo los criterios establecidos por  American Institute of CPAs (<a href=\"https:\/\/www.aicpa.org\/\">AICPA<\/a>) y el  Chartered Professional Accountants of Canada (<a rel=\"noreferrer noopener\" aria-label=\"CPA (se abre en una nueva pesta\u00f1a)\" href=\"https:\/\/www.cpacanada.ca\/\" target=\"_blank\">CPA<\/a>)<\/p>\n\n\n\n<div class=\"wp-block-columns is-layout-flex wp-container-core-columns-is-layout-9d6595d7 wp-block-columns-is-layout-flex\">\n<div class=\"wp-block-column is-layout-flow wp-block-column-is-layout-flow\">\n<figure class=\"wp-block-image size-large\"><a href=\"https:\/\/ssl.comodo.com\/uploads\/files\/ComodoCA_SOC3_Report.pdf\" target=\"_blank\" rel=\"noreferrer noopener\"><img data-recalc-dims=\"1\" loading=\"lazy\" decoding=\"async\" width=\"96\" height=\"124\" src=\"https:\/\/i0.wp.com\/www.didal.com\/web\/wp-content\/uploads\/2019\/12\/soc3-EY.234673291.png?resize=96%2C124&#038;ssl=1\" alt=\"SYSTEM AND ORGANIZATION CONTROLS - certificado SSL para HTTPS\" class=\"wp-image-362\"\/><\/a><\/figure>\n<\/div>\n\n\n\n<div class=\"wp-block-column is-layout-flow wp-block-column-is-layout-flow\">\n<figure class=\"wp-block-image size-large\"><a href=\"https:\/\/www.cpacanada.ca\/webtrustseal?sealid=10229\" target=\"_blank\" rel=\"noreferrer noopener\"><img data-recalc-dims=\"1\" loading=\"lazy\" decoding=\"async\" width=\"200\" height=\"260\" src=\"https:\/\/i0.wp.com\/www.didal.com\/web\/wp-content\/uploads\/2019\/12\/webtrust-logo.234673291.png?resize=200%2C260&#038;ssl=1\" alt=\"webtrust \" class=\"wp-image-363\"\/><\/a><\/figure>\n<\/div>\n\n\n\n<div class=\"wp-block-column is-layout-flow wp-block-column-is-layout-flow\">\n<figure class=\"wp-block-image size-large\"><a href=\"https:\/\/www.cpacanada.ca\/webtrustseal?sealid=10231\" target=\"_blank\" rel=\"noreferrer noopener\"><img data-recalc-dims=\"1\" loading=\"lazy\" decoding=\"async\" width=\"200\" height=\"260\" src=\"https:\/\/i0.wp.com\/www.didal.com\/web\/wp-content\/uploads\/2019\/12\/webtrust-logo-ev.234673291.png?resize=200%2C260&#038;ssl=1\" alt=\"webtrust extended \" class=\"wp-image-364\"\/><\/a><\/figure>\n<\/div>\n\n\n\n<div class=\"wp-block-column is-layout-flow wp-block-column-is-layout-flow\">\n<figure class=\"wp-block-image size-large\"><a href=\"https:\/\/www.cpacanada.ca\/webtrustseal?sealid=10233\" target=\"_blank\" rel=\"noreferrer noopener\"><img data-recalc-dims=\"1\" loading=\"lazy\" decoding=\"async\" width=\"200\" height=\"260\" src=\"https:\/\/i0.wp.com\/www.didal.com\/web\/wp-content\/uploads\/2019\/12\/webtrust-logo-evcs.234673291.png?resize=200%2C260&#038;ssl=1\" alt=\"webtrust ev \" class=\"wp-image-365\"\/><\/a><\/figure>\n<\/div>\n\n\n\n<div class=\"wp-block-column is-layout-flow wp-block-column-is-layout-flow\">\n<figure class=\"wp-block-image size-large\"><a href=\"https:\/\/www.cpacanada.ca\/webtrustseal?sealid=10230\" target=\"_blank\" rel=\"noreferrer noopener\"><img data-recalc-dims=\"1\" loading=\"lazy\" decoding=\"async\" width=\"200\" height=\"260\" src=\"https:\/\/i0.wp.com\/www.didal.com\/web\/wp-content\/uploads\/2019\/12\/webtrust-logo-br.234673291.png?resize=200%2C260&#038;ssl=1\" alt=\"webtrust br-ssl\" class=\"wp-image-366\"\/><\/a><\/figure>\n<\/div>\n\n\n\n<div class=\"wp-block-column is-layout-flow wp-block-column-is-layout-flow\">\n<figure class=\"wp-block-image size-large\"><a href=\"https:\/\/www.cpacanada.ca\/webtrustseal?sealid=10232\" target=\"_blank\" rel=\"noreferrer noopener\"><img data-recalc-dims=\"1\" loading=\"lazy\" decoding=\"async\" width=\"200\" height=\"260\" src=\"https:\/\/i0.wp.com\/www.didal.com\/web\/wp-content\/uploads\/2019\/12\/webtrust-logo-ca-code-signing.234673291.png?resize=200%2C260&#038;ssl=1\" alt=\"webtrust signing \" class=\"wp-image-367\"\/><\/a><\/figure>\n<\/div>\n<\/div>\n\n\n\n<p>hay muchas opciones  para obtener un certificado <a rel=\"noreferrer noopener\" href=\"https:\/\/es.wikipedia.org\/wiki\/Transport_Layer_Security\" target=\"_blank\">SSL<\/a> para HTTPS , con multitud de servicios y precios, nos ponemos a tu disposici\u00f3n para ayudarte a enonctrar el mejor para vuestra <a href=\"https:\/\/www.didal.com\/web\/diseno-web\/\">p\u00e1gina web<\/a>.<\/p>\n\n\n\n<p>por si no puedes esperar, te hacemos una breve introducci\u00f3n, la primera pregunta que nos debemos contestar es si queremos darle cobertura a un s\u00f3lo sominio (1), si tambi\u00e9n necesitamos hacerlos a sus subdominios (2) o si tenemos que certificar m\u00e1s dominios o m\u00e1s de una extensi\u00f3n (3).<\/p>\n\n\n\n<p>despu\u00e9s debemos decidir qu\u00e9 tipo de certificaci\u00f3n vamos a poner en el certificado, tenemos la opci\u00f3n b\u00e1sica (DV), la de empresa (OV) y la extendida (EV)<\/p>\n\n\n\n<p>las tarifas varian dependiendo de c\u00f3mo combinemos la primera y segunda opci\u00f3n, tenemos precios anuales desde 17\u20ac + iva para los de \u00fanico dominio b\u00e1sico (1-DV)<\/p>\n\n\n\n<p>todas ellas disponen de un seguro de cobertura de 500.000$ y conexi\u00f3n segura y encriptada de 256bits.<\/p>\n","protected":false},"excerpt":{"rendered":"<p>ultimamente, se ha implementado el sistema de certificado SSL para HTTPS, cuya funci\u00f3n principal \u00e9s impedir la suplantaci\u00f3n de identidad&#8230;<\/p>\n","protected":false},"author":1,"featured_media":0,"parent":0,"menu_order":0,"comment_status":"closed","ping_status":"closed","template":"","meta":{"_monsterinsights_skip_tracking":false,"_monsterinsights_sitenote_active":false,"_monsterinsights_sitenote_note":"","_monsterinsights_sitenote_category":0,"_links_to":"","_links_to_type":0,"footnotes":""},"class_list":["post-373","page","type-page","status-publish","hentry","post-archive"],"aioseo_notices":[],"jetpack_sharing_enabled":true,"jetpack_likes_enabled":true,"_links":{"self":[{"href":"https:\/\/www.didal.com\/en\/wp-json\/wp\/v2\/pages\/373","targetHints":{"allow":["GET"]}}],"collection":[{"href":"https:\/\/www.didal.com\/en\/wp-json\/wp\/v2\/pages"}],"about":[{"href":"https:\/\/www.didal.com\/en\/wp-json\/wp\/v2\/types\/page"}],"author":[{"embeddable":true,"href":"https:\/\/www.didal.com\/en\/wp-json\/wp\/v2\/users\/1"}],"replies":[{"embeddable":true,"href":"https:\/\/www.didal.com\/en\/wp-json\/wp\/v2\/comments?post=373"}],"version-history":[{"count":10,"href":"https:\/\/www.didal.com\/en\/wp-json\/wp\/v2\/pages\/373\/revisions"}],"predecessor-version":[{"id":634,"href":"https:\/\/www.didal.com\/en\/wp-json\/wp\/v2\/pages\/373\/revisions\/634"}],"wp:attachment":[{"href":"https:\/\/www.didal.com\/en\/wp-json\/wp\/v2\/media?parent=373"}],"curies":[{"name":"wp","href":"https:\/\/api.w.org\/{rel}","templated":true}]}}