{"id":477,"date":"2019-12-30T23:30:24","date_gmt":"2019-12-30T22:30:24","guid":{"rendered":"https:\/\/www.didal.com\/web\/?page_id=477"},"modified":"2022-07-20T20:42:18","modified_gmt":"2022-07-20T18:42:18","slug":"moodle","status":"publish","type":"page","link":"https:\/\/www.didal.com\/en\/moodle\/","title":{"rendered":"moodle"},"content":{"rendered":"\n<p>moodle es la herramienta de gesti\u00f3n de aprendizaje (<a rel=\"noreferrer noopener\" aria-label=\"LCMS (se abre en una nueva pesta\u00f1a)\" href=\"https:\/\/es.wikipedia.org\/wiki\/LCMS\" target=\"_blank\">LCMS<\/a>) m\u00e1s extendida del mundo.<\/p>\n\n\n\n<p>si tienes una academia, un centro de estudios, un departamento de formaci\u00f3n, o cualquier tipo de organizaci\u00f3n con alumnos, esta es tu herramienta.<\/p>\n\n\n\n<p>no s\u00f3lo es fundamental para el aprendizage a distancia, sino que permite organizar y complementar las formaciones presenciales.<\/p>\n\n\n\n<p>los usos de moodle en el proceso educativo son: la gesti\u00f3n de contenidos, la comunicaci\u00f3n y la evaluaci\u00f3n.<\/p>\n\n\n\n<div class=\"wp-block-image\"><figure class=\"aligncenter size-large\"><a href=\"https:\/\/moodle.org\/?lang=es\" target=\"_blank\" rel=\"noreferrer noopener\"><img data-recalc-dims=\"1\" loading=\"lazy\" decoding=\"async\" width=\"300\" height=\"77\" src=\"https:\/\/i0.wp.com\/www.didal.com\/web\/wp-content\/uploads\/2019\/12\/logo_moodle.png?resize=300%2C77&#038;ssl=1\" alt=\"moodle\" class=\"wp-image-196\"\/><\/a><\/figure><\/div>\n\n\n\n<p>el dise\u00f1o de moodle est\u00e0 basado en las ideas del <a href=\"https:\/\/es.wikipedia.org\/wiki\/Constructivismo_(pedagog%C3%ADa)\" target=\"_blank\" rel=\"noreferrer noopener\" aria-label=\" (se abre en una nueva pesta\u00f1a)\">constructivismo<\/a> en pedagog\u00eda que afirman que el conocimiento se construye en la mente del estudiante en lugar de ser transmitido sin cambios a partir de libros o ense\u00f1anzas, y en el <a href=\"https:\/\/es.wikipedia.org\/wiki\/Aprendizaje_cooperativo\" target=\"_blank\" rel=\"noreferrer noopener\" aria-label=\" (se abre en una nueva pesta\u00f1a)\">aprendizaje cooperativo<\/a>.  <\/p>\n\n\n\n<p>por ello el maestro crea un ambiente centrado en el estudiante que le ayuda a construir ese conocimiento con  base en sus habilidades y conocimientos propios en lugar de simplemente  publicar y transmitir la informaci\u00f3n que se considera que los  estudiantes deben conocer. <\/p>\n\n\n\n<p>es una herramienta para la atenci\u00f3n a la diversidad.<\/p>\n\n\n\n<p>tanto es as\u00ed que permite adaptar los contenidos, ritmos de trabajo, circunstancias  personales para conseguir que el proceso de ense\u00f1anza y aprendizaje  tenga \u00e9xito.<\/p>\n\n\n\n<p>empezar un <a href=\"https:\/\/www.didal.com\/web\/estudio-soluciones-web\/\">proyecto<\/a> de moodle requiere de una experiencia y conocimiento de los cursos a impartir de nivel alto.<\/p>\n\n\n\n<p>por ello tener una plataforma online de cursos no es s\u00f3lo tener un repositorio de contenidos, sin\u00f3 que requiere de profesores formados para su dinamizaci\u00f3n.<\/p>\n\n\n\n<p>el c\u00f3digo base de moodle est\u00e1 desarrollado en <a href=\"https:\/\/www.didal.com\/web\/php\/\">PHP<\/a> y utiliza una base de datos MySql.<\/p>\n","protected":false},"excerpt":{"rendered":"<p>moodle es la herramienta de gesti\u00f3n de aprendizaje (LCMS) m\u00e1s extendida del mundo. si tienes una academia, un centro de&#8230;<\/p>\n","protected":false},"author":1,"featured_media":0,"parent":0,"menu_order":0,"comment_status":"closed","ping_status":"closed","template":"","meta":{"_monsterinsights_skip_tracking":false,"_monsterinsights_sitenote_active":false,"_monsterinsights_sitenote_note":"","_monsterinsights_sitenote_category":0,"_links_to":"","_links_to_type":0,"footnotes":""},"class_list":["post-477","page","type-page","status-publish","hentry","post-archive"],"aioseo_notices":[],"jetpack_sharing_enabled":true,"jetpack_likes_enabled":true,"_links":{"self":[{"href":"https:\/\/www.didal.com\/en\/wp-json\/wp\/v2\/pages\/477","targetHints":{"allow":["GET"]}}],"collection":[{"href":"https:\/\/www.didal.com\/en\/wp-json\/wp\/v2\/pages"}],"about":[{"href":"https:\/\/www.didal.com\/en\/wp-json\/wp\/v2\/types\/page"}],"author":[{"embeddable":true,"href":"https:\/\/www.didal.com\/en\/wp-json\/wp\/v2\/users\/1"}],"replies":[{"embeddable":true,"href":"https:\/\/www.didal.com\/en\/wp-json\/wp\/v2\/comments?post=477"}],"version-history":[{"count":9,"href":"https:\/\/www.didal.com\/en\/wp-json\/wp\/v2\/pages\/477\/revisions"}],"predecessor-version":[{"id":789,"href":"https:\/\/www.didal.com\/en\/wp-json\/wp\/v2\/pages\/477\/revisions\/789"}],"wp:attachment":[{"href":"https:\/\/www.didal.com\/en\/wp-json\/wp\/v2\/media?parent=477"}],"curies":[{"name":"wp","href":"https:\/\/api.w.org\/{rel}","templated":true}]}}