{"id":520,"date":"2019-12-31T11:33:27","date_gmt":"2019-12-31T10:33:27","guid":{"rendered":"https:\/\/www.didal.com\/web\/?page_id=520"},"modified":"2022-07-20T20:41:54","modified_gmt":"2022-07-20T18:41:54","slug":"joomla","status":"publish","type":"page","link":"https:\/\/www.didal.com\/en\/joomla\/","title":{"rendered":"joomla"},"content":{"rendered":"\n<p>joomla es un sistema de gesti\u00f3n de contenidos (<a rel=\"noreferrer noopener\" aria-label=\"CMS (se abre en una nueva pesta\u00f1a)\" href=\"https:\/\/es.wikipedia.org\/wiki\/Sistema_de_gesti%C3%B3n_de_contenidos\" target=\"_blank\">CMS<\/a>) muy potente, que a parte de crear sitios web <span class=\"disp_dinamico\">din\u00e1micos<\/span>.<\/p>\n\n\n\n<p>por ello est\u00e1 especialmente indicado para <a href=\"https:\/\/www.didal.com\/web\/diseno-web\/\">proyectos<\/a> de intranet para la gesti\u00f3n de comunidades.<\/p>\n\n\n\n<p>la palabra joomla en idioma swahili, significa &#8220;todos juntos&#8221; o &#8220;como un todo&#8221;, se escogi\u00f3 como una reflexi\u00f3n del compromiso del grupo de desarrolladores y la comunidad del proyecto.<\/p>\n\n\n\n<p>Open Source Matters Inc (<a rel=\"noreferrer noopener\" aria-label=\"OSM (se abre en una nueva pesta\u00f1a)\" href=\"https:\/\/www.opensourcematters.org\/\" target=\"_blank\">OSM<\/a>) es una organizaci\u00f3n sin \u00e1nimo de  lucro que se estableci\u00f3 conforme a las leyes de los Estados Unidos y  existe para soportar la parte legal y financiera del proyecto de <a href=\"https:\/\/opensource.org\/\" target=\"_blank\" rel=\"noreferrer noopener\" aria-label=\"c\u00f3digo abierto (se abre en una nueva pesta\u00f1a)\">c\u00f3digo abierto<\/a>.<\/p>\n\n\n\n<div class=\"wp-block-image\"><figure class=\"aligncenter size-large\"><a href=\"https:\/\/www.joomla.org\/\" target=\"_blank\" rel=\"noreferrer noopener\"><img data-recalc-dims=\"1\" loading=\"lazy\" decoding=\"async\" width=\"300\" height=\"68\" src=\"https:\/\/i0.wp.com\/www.didal.com\/web\/wp-content\/uploads\/2019\/12\/logo_joomla.png?resize=300%2C68&#038;ssl=1\" alt=\"joomla\" class=\"wp-image-195\"\/><\/a><\/figure><\/div>\n\n\n\n<p>joomla es multi-idioma nativo, porqu\u00e9 sus lenguajes son archivos de traducci\u00f3n.<\/p>\n\n\n\n<p>sabemos que la <a href=\"https:\/\/www.didal.com\/web\/web-actualizada-segura\/\">actualizaci\u00f3n<\/a> en sus primeras versiones no es muy intuitiva, por ello nuestros clientes han confiado en nostros para llevarla acavo sin incidencias.<\/p>\n\n\n\n<p>disponemos de metodolog\u00edas de seguimiento de proyecto, para organizaciones m\u00e1s perque\u00f1as que no tengan su pr\u00f3pio departamento.<\/p>\n\n\n\n<p>la formaci\u00f3n de los administradores es fundamental para mantener activa esta herramienta de comunidad.<\/p>\n\n\n\n<p>si quieres poner en marcha una intranet y no pod\u00e9is abarcar un proyecto a medida, claramente \u00e9sta es vuestra herramienta.<\/p>\n","protected":false},"excerpt":{"rendered":"<p>joomla es un sistema de gesti\u00f3n de contenidos (CMS) muy potente, que a parte de crear sitios web din\u00e1micos. por&#8230;<\/p>\n","protected":false},"author":1,"featured_media":0,"parent":0,"menu_order":0,"comment_status":"closed","ping_status":"closed","template":"","meta":{"_monsterinsights_skip_tracking":false,"_monsterinsights_sitenote_active":false,"_monsterinsights_sitenote_note":"","_monsterinsights_sitenote_category":0,"_links_to":"","_links_to_type":0,"footnotes":""},"class_list":["post-520","page","type-page","status-publish","hentry","post-archive"],"aioseo_notices":[],"jetpack_sharing_enabled":true,"jetpack_likes_enabled":true,"_links":{"self":[{"href":"https:\/\/www.didal.com\/en\/wp-json\/wp\/v2\/pages\/520","targetHints":{"allow":["GET"]}}],"collection":[{"href":"https:\/\/www.didal.com\/en\/wp-json\/wp\/v2\/pages"}],"about":[{"href":"https:\/\/www.didal.com\/en\/wp-json\/wp\/v2\/types\/page"}],"author":[{"embeddable":true,"href":"https:\/\/www.didal.com\/en\/wp-json\/wp\/v2\/users\/1"}],"replies":[{"embeddable":true,"href":"https:\/\/www.didal.com\/en\/wp-json\/wp\/v2\/comments?post=520"}],"version-history":[{"count":11,"href":"https:\/\/www.didal.com\/en\/wp-json\/wp\/v2\/pages\/520\/revisions"}],"predecessor-version":[{"id":788,"href":"https:\/\/www.didal.com\/en\/wp-json\/wp\/v2\/pages\/520\/revisions\/788"}],"wp:attachment":[{"href":"https:\/\/www.didal.com\/en\/wp-json\/wp\/v2\/media?parent=520"}],"curies":[{"name":"wp","href":"https:\/\/api.w.org\/{rel}","templated":true}]}}